{"id":3190,"date":"2024-06-18T09:45:25","date_gmt":"2024-06-18T09:45:25","guid":{"rendered":"https:\/\/sip-europ.com\/?page_id=3190"},"modified":"2026-03-12T09:57:25","modified_gmt":"2026-03-12T09:57:25","slug":"maxima-diamante","status":"publish","type":"page","link":"https:\/\/sip-europ.com\/en\/maxima-diamante\/","title":{"rendered":"M\u00e1xima Diamante"},"content":{"rendered":"<div data-elementor-type=\"wp-page\" data-elementor-id=\"3190\" class=\"elementor elementor-3190\" data-elementor-post-type=\"page\">\n\t\t\t\t<div class=\"elementor-element elementor-element-233038ba e-flex e-con-boxed e-con e-parent\" data-id=\"233038ba\" data-element_type=\"container\">\n\t\t\t\t\t<div class=\"e-con-inner\">\n\t\t<div class=\"elementor-element elementor-element-63074c41 e-con-full e-flex e-con e-child\" data-id=\"63074c41\" data-element_type=\"container\">\n\t\t\t\t<div class=\"elementor-element elementor-element-1633b013 elementor-arrows-position-inside elementor-pagination-position-outside elementor-widget elementor-widget-image-carousel\" data-id=\"1633b013\" data-element_type=\"widget\" data-settings=\"{&quot;slides_to_show&quot;:&quot;1&quot;,&quot;navigation&quot;:&quot;both&quot;,&quot;autoplay&quot;:&quot;yes&quot;,&quot;pause_on_hover&quot;:&quot;yes&quot;,&quot;pause_on_interaction&quot;:&quot;yes&quot;,&quot;autoplay_speed&quot;:5000,&quot;infinite&quot;:&quot;yes&quot;,&quot;effect&quot;:&quot;slide&quot;,&quot;speed&quot;:500}\" data-widget_type=\"image-carousel.default\">\n\t\t\t\t<div class=\"elementor-widget-container\">\n\t\t\t\t\t<div class=\"elementor-image-carousel-wrapper swiper\" dir=\"ltr\">\n\t\t\t<div class=\"elementor-image-carousel swiper-wrapper\" aria-live=\"off\">\n\t\t\t\t\t\t\t\t<div class=\"swiper-slide\" role=\"group\" aria-roledescription=\"slide\" aria-label=\"1 of 2\"><figure class=\"swiper-slide-inner\"><img decoding=\"async\" class=\"swiper-slide-image\" src=\"https:\/\/sip-europ.com\/wp-content\/uploads\/2024\/06\/maxima-diamante.jpg\" alt=\"maxima-diamante\" \/><\/figure><\/div><div class=\"swiper-slide\" role=\"group\" aria-roledescription=\"slide\" aria-label=\"2 of 2\"><figure class=\"swiper-slide-inner\"><img decoding=\"async\" class=\"swiper-slide-image\" src=\"https:\/\/sip-europ.com\/wp-content\/uploads\/2024\/06\/maxima-diamante-2.jpg\" alt=\"maxima-diamante-2\" \/><\/figure><\/div>\t\t\t<\/div>\n\t\t\t\t\t\t\t\t\t\t\t\t<div class=\"elementor-swiper-button elementor-swiper-button-prev\" role=\"button\" tabindex=\"0\">\n\t\t\t\t\t\t<svg aria-hidden=\"true\" class=\"e-font-icon-svg e-eicon-chevron-left\" viewbox=\"0 0 1000 1000\" xmlns=\"http:\/\/www.w3.org\/2000\/svg\"><path d=\"M646 125C629 125 613 133 604 142L308 442C296 454 292 471 292 487 292 504 296 521 308 533L604 854C617 867 629 875 646 875 663 875 679 871 692 858 704 846 713 829 713 812 713 796 708 779 692 767L438 487 692 225C700 217 708 204 708 187 708 171 704 154 692 142 675 129 663 125 646 125Z\"><\/path><\/svg>\t\t\t\t\t<\/div>\n\t\t\t\t\t<div class=\"elementor-swiper-button elementor-swiper-button-next\" role=\"button\" tabindex=\"0\">\n\t\t\t\t\t\t<svg aria-hidden=\"true\" class=\"e-font-icon-svg e-eicon-chevron-right\" viewbox=\"0 0 1000 1000\" xmlns=\"http:\/\/www.w3.org\/2000\/svg\"><path d=\"M696 533C708 521 713 504 713 487 713 471 708 454 696 446L400 146C388 133 375 125 354 125 338 125 325 129 313 142 300 154 292 171 292 187 292 204 296 221 308 233L563 492 304 771C292 783 288 800 288 817 288 833 296 850 308 863 321 871 338 875 354 875 371 875 388 867 400 854L696 533Z\"><\/path><\/svg>\t\t\t\t\t<\/div>\n\t\t\t\t\n\t\t\t\t\t\t\t\t\t<div class=\"swiper-pagination\"><\/div>\n\t\t\t\t\t\t\t\t\t<\/div>\n\t\t\t\t<\/div>\n\t\t\t\t<\/div>\n\t\t\t\t<\/div>\n\t\t<div class=\"elementor-element elementor-element-d4a0fed e-con-full e-flex e-con e-child\" data-id=\"d4a0fed\" data-element_type=\"container\">\n\t\t\t\t<div class=\"elementor-element elementor-element-cbc49ae elementor-widget elementor-widget-heading\" data-id=\"cbc49ae\" data-element_type=\"widget\" data-widget_type=\"heading.default\">\n\t\t\t\t<div class=\"elementor-widget-container\">\n\t\t\t<h1 class=\"elementor-heading-title elementor-size-default\">Maxima Diamante Ref. 4010<\/h1>\t\t<\/div>\n\t\t\t\t<\/div>\n\t\t\t\t<div class=\"elementor-element elementor-element-796de7e elementor-widget elementor-widget-text-editor\" data-id=\"796de7e\" data-element_type=\"widget\" data-widget_type=\"text-editor.default\">\n\t\t\t\t<div class=\"elementor-widget-container\">\n\t\t\t\t\t\t\t<p>Rebar cap anti-clogging. Quick and easy to attach with maximum visibility. Reusable and recyclable.<\/p>\t\t\t\t\t\t<\/div>\n\t\t\t\t<\/div>\n\t\t<div class=\"elementor-element elementor-element-1c383e41 e-flex e-con-boxed e-con e-child\" data-id=\"1c383e41\" data-element_type=\"container\">\n\t\t\t\t\t<div class=\"e-con-inner\">\n\t\t\t\t<div class=\"elementor-element elementor-element-eca66f2 elementor-widget elementor-widget-text-editor\" data-id=\"eca66f2\" data-element_type=\"widget\" data-widget_type=\"text-editor.default\">\n\t\t\t\t<div class=\"elementor-widget-container\">\n\t\t\t\t\t\t\t<ul><li>Diameter: 5 -36mm \/ #2 - #14<\/li><li>Box: 90 ud.<\/li><li>Pallet: 36 boxes (3240 ud)<\/li><\/ul>\t\t\t\t\t\t<\/div>\n\t\t\t\t<\/div>\n\t\t\t\t<div class=\"elementor-element elementor-element-6c929176 elementor-mobile-align-center elementor-widget elementor-widget-button\" data-id=\"6c929176\" data-element_type=\"widget\" data-widget_type=\"button.default\">\n\t\t\t\t<div class=\"elementor-widget-container\">\n\t\t\t\t\t\t\t<div class=\"elementor-button-wrapper\">\n\t\t\t\t\t<a class=\"elementor-button elementor-button-link elementor-size-sm\" href=\"https:\/\/sip-europ.com\/wp-content\/uploads\/2026\/03\/2026-ficha-tecnica-MAXIMA-DIAMANTE-4010_compressed.pdf\" target=\"_blank\">\n\t\t\t\t\t\t<span class=\"elementor-button-content-wrapper\">\n\t\t\t\t\t\t\t\t\t<span class=\"elementor-button-text\">TECHNICAL<br> SHEET<br> 4010<\/span>\n\t\t\t\t\t<\/span>\n\t\t\t\t\t<\/a>\n\t\t\t\t<\/div>\n\t\t\t\t\t\t<\/div>\n\t\t\t\t<\/div>\n\t\t\t\t\t<\/div>\n\t\t\t\t<\/div>\n\t\t\t\t<\/div>\n\t\t\t\t\t<\/div>\n\t\t\t\t<\/div>\n\t\t<div class=\"elementor-element elementor-element-12ec47a e-flex e-con-boxed e-con e-parent\" data-id=\"12ec47a\" data-element_type=\"container\">\n\t\t\t\t\t<div class=\"e-con-inner\">\n\t\t<div class=\"elementor-element elementor-element-5bc4e0d e-con-full e-flex e-con e-child\" data-id=\"5bc4e0d\" data-element_type=\"container\">\n\t\t\t\t<div class=\"elementor-element elementor-element-db16a47 elementor-widget elementor-widget-image\" data-id=\"db16a47\" data-element_type=\"widget\" data-widget_type=\"image.default\">\n\t\t\t\t<div class=\"elementor-widget-container\">\n\t\t\t\t\t\t\t\t\t\t\t\t\t\t<a href=\"https:\/\/sip-europ.com\/wp-content\/uploads\/2024\/06\/maxima-diamante-3.jpg\" data-elementor-open-lightbox=\"yes\" data-elementor-lightbox-title=\"maxima-diamante-3\" data-e-action-hash=\"#elementor-action%3Aaction%3Dlightbox%26settings%3DeyJpZCI6MzMzMywidXJsIjoiaHR0cHM6XC9cL3NpcC1ldXJvcC5jb21cL3dwLWNvbnRlbnRcL3VwbG9hZHNcLzIwMjRcLzA2XC9tYXhpbWEtZGlhbWFudGUtMy5qcGcifQ%3D%3D\">\n\t\t\t\t\t\t\t<img fetchpriority=\"high\" decoding=\"async\" width=\"768\" height=\"1024\" src=\"https:\/\/sip-europ.com\/wp-content\/uploads\/2024\/06\/maxima-diamante-3-768x1024.jpg\" class=\"attachment-large size-large wp-image-3333\" alt=\"\" srcset=\"https:\/\/sip-europ.com\/wp-content\/uploads\/2024\/06\/maxima-diamante-3-768x1024.jpg 768w, https:\/\/sip-europ.com\/wp-content\/uploads\/2024\/06\/maxima-diamante-3-225x300.jpg 225w, https:\/\/sip-europ.com\/wp-content\/uploads\/2024\/06\/maxima-diamante-3-600x800.jpg 600w, https:\/\/sip-europ.com\/wp-content\/uploads\/2024\/06\/maxima-diamante-3.jpg 801w\" sizes=\"(max-width: 768px) 100vw, 768px\" \/>\t\t\t\t\t\t\t\t<\/a>\n\t\t\t\t\t\t\t\t\t\t\t\t\t<\/div>\n\t\t\t\t<\/div>\n\t\t\t\t<\/div>\n\t\t<div class=\"elementor-element elementor-element-5af6c10 e-con-full e-flex e-con e-child\" data-id=\"5af6c10\" data-element_type=\"container\">\n\t\t\t\t<div class=\"elementor-element elementor-element-c7c47de elementor-widget elementor-widget-image\" data-id=\"c7c47de\" data-element_type=\"widget\" data-widget_type=\"image.default\">\n\t\t\t\t<div class=\"elementor-widget-container\">\n\t\t\t\t\t\t\t\t\t\t\t\t\t\t<a href=\"https:\/\/sip-europ.com\/wp-content\/uploads\/2024\/06\/maxima-diamante-1.jpg\" data-elementor-open-lightbox=\"yes\" data-elementor-lightbox-title=\"maxima-diamante-1\" data-e-action-hash=\"#elementor-action%3Aaction%3Dlightbox%26settings%3DeyJpZCI6MzMzNCwidXJsIjoiaHR0cHM6XC9cL3NpcC1ldXJvcC5jb21cL3dwLWNvbnRlbnRcL3VwbG9hZHNcLzIwMjRcLzA2XC9tYXhpbWEtZGlhbWFudGUtMS5qcGcifQ%3D%3D\">\n\t\t\t\t\t\t\t<img decoding=\"async\" width=\"768\" height=\"1024\" src=\"https:\/\/sip-europ.com\/wp-content\/uploads\/2024\/06\/maxima-diamante-1-768x1024.jpg\" class=\"attachment-large size-large wp-image-3334\" alt=\"\" srcset=\"https:\/\/sip-europ.com\/wp-content\/uploads\/2024\/06\/maxima-diamante-1-768x1024.jpg 768w, https:\/\/sip-europ.com\/wp-content\/uploads\/2024\/06\/maxima-diamante-1-225x300.jpg 225w, https:\/\/sip-europ.com\/wp-content\/uploads\/2024\/06\/maxima-diamante-1-600x800.jpg 600w, https:\/\/sip-europ.com\/wp-content\/uploads\/2024\/06\/maxima-diamante-1.jpg 801w\" sizes=\"(max-width: 768px) 100vw, 768px\" \/>\t\t\t\t\t\t\t\t<\/a>\n\t\t\t\t\t\t\t\t\t\t\t\t\t<\/div>\n\t\t\t\t<\/div>\n\t\t\t\t<\/div>\n\t\t<div class=\"elementor-element elementor-element-978ed62 e-con-full e-flex e-con e-child\" data-id=\"978ed62\" data-element_type=\"container\">\n\t\t\t\t<div class=\"elementor-element elementor-element-7f23641 elementor-widget elementor-widget-image\" data-id=\"7f23641\" data-element_type=\"widget\" data-widget_type=\"image.default\">\n\t\t\t\t<div class=\"elementor-widget-container\">\n\t\t\t\t\t\t\t\t\t\t\t\t\t\t<a href=\"https:\/\/sip-europ.com\/wp-content\/uploads\/2024\/06\/IMG_8476-copia.jpg\" data-elementor-open-lightbox=\"yes\" data-elementor-lightbox-title=\"IMG_8476---copia\" data-e-action-hash=\"#elementor-action%3Aaction%3Dlightbox%26settings%3DeyJpZCI6MzMzNywidXJsIjoiaHR0cHM6XC9cL3NpcC1ldXJvcC5jb21cL3dwLWNvbnRlbnRcL3VwbG9hZHNcLzIwMjRcLzA2XC9JTUdfODQ3Ni1jb3BpYS5qcGcifQ%3D%3D\">\n\t\t\t\t\t\t\t<img decoding=\"async\" width=\"768\" height=\"1024\" src=\"https:\/\/sip-europ.com\/wp-content\/uploads\/2024\/06\/IMG_8476-copia-768x1024.jpg\" class=\"attachment-large size-large wp-image-3337\" alt=\"seta anti-empalamiento m\u00e1xima diamante\" srcset=\"https:\/\/sip-europ.com\/wp-content\/uploads\/2024\/06\/IMG_8476-copia-768x1024.jpg 768w, https:\/\/sip-europ.com\/wp-content\/uploads\/2024\/06\/IMG_8476-copia-225x300.jpg 225w, https:\/\/sip-europ.com\/wp-content\/uploads\/2024\/06\/IMG_8476-copia-600x800.jpg 600w, https:\/\/sip-europ.com\/wp-content\/uploads\/2024\/06\/IMG_8476-copia.jpg 801w\" sizes=\"(max-width: 768px) 100vw, 768px\" \/>\t\t\t\t\t\t\t\t<\/a>\n\t\t\t\t\t\t\t\t\t\t\t\t\t<\/div>\n\t\t\t\t<\/div>\n\t\t\t\t<\/div>\n\t\t<div class=\"elementor-element elementor-element-6ae8451 e-con-full e-flex e-con e-child\" data-id=\"6ae8451\" data-element_type=\"container\">\n\t\t\t\t<div class=\"elementor-element elementor-element-9107b38 elementor-widget elementor-widget-image\" data-id=\"9107b38\" data-element_type=\"widget\" data-widget_type=\"image.default\">\n\t\t\t\t<div class=\"elementor-widget-container\">\n\t\t\t\t\t\t\t\t\t\t\t\t\t\t<a href=\"https:\/\/sip-europ.com\/wp-content\/uploads\/2024\/06\/maxima-diamante-22.jpg\" data-elementor-open-lightbox=\"yes\" data-elementor-lightbox-title=\"maxima-diamante-22\" data-e-action-hash=\"#elementor-action%3Aaction%3Dlightbox%26settings%3DeyJpZCI6MzMzNSwidXJsIjoiaHR0cHM6XC9cL3NpcC1ldXJvcC5jb21cL3dwLWNvbnRlbnRcL3VwbG9hZHNcLzIwMjRcLzA2XC9tYXhpbWEtZGlhbWFudGUtMjIuanBnIn0%3D\">\n\t\t\t\t\t\t\t<img loading=\"lazy\" decoding=\"async\" width=\"768\" height=\"1024\" src=\"https:\/\/sip-europ.com\/wp-content\/uploads\/2024\/06\/maxima-diamante-22-768x1024.jpg\" class=\"attachment-large size-large wp-image-3335\" alt=\"\" srcset=\"https:\/\/sip-europ.com\/wp-content\/uploads\/2024\/06\/maxima-diamante-22-768x1024.jpg 768w, https:\/\/sip-europ.com\/wp-content\/uploads\/2024\/06\/maxima-diamante-22-225x300.jpg 225w, https:\/\/sip-europ.com\/wp-content\/uploads\/2024\/06\/maxima-diamante-22-600x800.jpg 600w, https:\/\/sip-europ.com\/wp-content\/uploads\/2024\/06\/maxima-diamante-22.jpg 801w\" sizes=\"(max-width: 768px) 100vw, 768px\" \/>\t\t\t\t\t\t\t\t<\/a>\n\t\t\t\t\t\t\t\t\t\t\t\t\t<\/div>\n\t\t\t\t<\/div>\n\t\t\t\t<\/div>\n\t\t\t\t\t<\/div>\n\t\t\t\t<\/div>\n\t\t<div class=\"elementor-element elementor-element-64d9f918 e-flex e-con-boxed e-con e-parent\" data-id=\"64d9f918\" data-element_type=\"container\">\n\t\t\t\t\t<div class=\"e-con-inner\">\n\t\t\t\t<div class=\"elementor-element elementor-element-4d2a8c39 elementor-widget elementor-widget-video\" data-id=\"4d2a8c39\" data-element_type=\"widget\" data-settings=\"{&quot;youtube_url&quot;:&quot;https:\\\/\\\/www.youtube.com\\\/watch?v=LAsu1wSy-h8&quot;,&quot;mute&quot;:&quot;yes&quot;,&quot;video_type&quot;:&quot;youtube&quot;}\" data-widget_type=\"video.default\">\n\t\t\t\t<div class=\"elementor-widget-container\">\n\t\t\t\t\t<div class=\"elementor-wrapper elementor-open-inline\">\n\t\t\t<div class=\"elementor-video\"><\/div>\t\t<\/div>\n\t\t\t\t<\/div>\n\t\t\t\t<\/div>\n\t\t\t\t\t<\/div>\n\t\t\t\t<\/div>\n\t\t\t\t<\/div>","protected":false},"excerpt":{"rendered":"<p>M\u00e1xima Diamante Ref. 4010 Seta protectora anti-empalamiento. R\u00e1pida y f\u00e1cil fijaci\u00f3n con m\u00e1xima visibilidad. Reutilizable y reciclable. Di\u00e1metro: 5 -36mm [&hellip;]<\/p>","protected":false},"author":1,"featured_media":0,"parent":0,"menu_order":0,"comment_status":"closed","ping_status":"closed","template":"","meta":{"site-sidebar-layout":"no-sidebar","site-content-layout":"page-builder","ast-site-content-layout":"full-width-container","site-content-style":"default","site-sidebar-style":"default","ast-global-header-display":"","ast-banner-title-visibility":"","ast-main-header-display":"","ast-hfb-above-header-display":"","ast-hfb-below-header-display":"","ast-hfb-mobile-header-display":"","site-post-title":"disabled","ast-breadcrumbs-content":"","ast-featured-img":"disabled","footer-sml-layout":"","theme-transparent-header-meta":"","adv-header-id-meta":"","stick-header-meta":"","header-above-stick-meta":"","header-main-stick-meta":"","header-below-stick-meta":"","astra-migrate-meta-layouts":"set","ast-page-background-enabled":"default","ast-page-background-meta":{"desktop":{"background-color":"","background-image":"","background-repeat":"repeat","background-position":"center center","background-size":"auto","background-attachment":"scroll","background-type":"","background-media":"","overlay-type":"","overlay-color":"","overlay-opacity":"","overlay-gradient":""},"tablet":{"background-color":"","background-image":"","background-repeat":"repeat","background-position":"center center","background-size":"auto","background-attachment":"scroll","background-type":"","background-media":"","overlay-type":"","overlay-color":"","overlay-opacity":"","overlay-gradient":""},"mobile":{"background-color":"","background-image":"","background-repeat":"repeat","background-position":"center center","background-size":"auto","background-attachment":"scroll","background-type":"","background-media":"","overlay-type":"","overlay-color":"","overlay-opacity":"","overlay-gradient":""}},"ast-content-background-meta":{"desktop":{"background-color":"var(--ast-global-color-5)","background-image":"","background-repeat":"repeat","background-position":"center center","background-size":"auto","background-attachment":"scroll","background-type":"","background-media":"","overlay-type":"","overlay-color":"","overlay-opacity":"","overlay-gradient":""},"tablet":{"background-color":"var(--ast-global-color-5)","background-image":"","background-repeat":"repeat","background-position":"center center","background-size":"auto","background-attachment":"scroll","background-type":"","background-media":"","overlay-type":"","overlay-color":"","overlay-opacity":"","overlay-gradient":""},"mobile":{"background-color":"var(--ast-global-color-5)","background-image":"","background-repeat":"repeat","background-position":"center center","background-size":"auto","background-attachment":"scroll","background-type":"","background-media":"","overlay-type":"","overlay-color":"","overlay-opacity":"","overlay-gradient":""}},"footnotes":""},"yoast_head":"<!-- This site is optimized with the Yoast SEO plugin v24.5 - https:\/\/yoast.com\/wordpress\/plugins\/seo\/ -->\n<title>M\u00e1xima Diamante - Sip Europ<\/title>\n<meta name=\"robots\" content=\"index, follow, max-snippet:-1, max-image-preview:large, max-video-preview:-1\" \/>\n<link rel=\"canonical\" href=\"https:\/\/sip-europ.com\/en\/maxima-diamante\/\" \/>\n<meta property=\"og:locale\" content=\"en_US\" \/>\n<meta property=\"og:type\" content=\"article\" \/>\n<meta property=\"og:title\" content=\"M\u00e1xima Diamante - Sip Europ\" \/>\n<meta property=\"og:description\" content=\"M\u00e1xima Diamante Ref. 4010 Seta protectora anti-empalamiento. R\u00e1pida y f\u00e1cil fijaci\u00f3n con m\u00e1xima visibilidad. Reutilizable y reciclable. Di\u00e1metro: 5 -36mm [&hellip;]\" \/>\n<meta property=\"og:url\" content=\"https:\/\/sip-europ.com\/en\/maxima-diamante\/\" \/>\n<meta property=\"og:site_name\" content=\"Sip Europ\" \/>\n<meta property=\"article:modified_time\" content=\"2026-03-12T09:57:25+00:00\" \/>\n<meta property=\"og:image\" content=\"https:\/\/sip-europ.com\/wp-content\/uploads\/2024\/06\/maxima-diamante.jpg\" \/>\n<meta name=\"twitter:card\" content=\"summary_large_image\" \/>\n<meta name=\"twitter:label1\" content=\"Est. reading time\" \/>\n\t<meta name=\"twitter:data1\" content=\"2 minutes\" \/>\n<script type=\"application\/ld+json\" class=\"yoast-schema-graph\">{\"@context\":\"https:\/\/schema.org\",\"@graph\":[{\"@type\":\"WebPage\",\"@id\":\"https:\/\/sip-europ.com\/maxima-diamante\/\",\"url\":\"https:\/\/sip-europ.com\/maxima-diamante\/\",\"name\":\"M\u00e1xima Diamante - Sip Europ\",\"isPartOf\":{\"@id\":\"https:\/\/sip-europ.com\/#website\"},\"primaryImageOfPage\":{\"@id\":\"https:\/\/sip-europ.com\/maxima-diamante\/#primaryimage\"},\"image\":{\"@id\":\"https:\/\/sip-europ.com\/maxima-diamante\/#primaryimage\"},\"thumbnailUrl\":\"https:\/\/sip-europ.com\/wp-content\/uploads\/2024\/06\/maxima-diamante.jpg\",\"datePublished\":\"2024-06-18T09:45:25+00:00\",\"dateModified\":\"2026-03-12T09:57:25+00:00\",\"breadcrumb\":{\"@id\":\"https:\/\/sip-europ.com\/maxima-diamante\/#breadcrumb\"},\"inLanguage\":\"en-US\",\"potentialAction\":[{\"@type\":\"ReadAction\",\"target\":[\"https:\/\/sip-europ.com\/maxima-diamante\/\"]}]},{\"@type\":\"ImageObject\",\"inLanguage\":\"en-US\",\"@id\":\"https:\/\/sip-europ.com\/maxima-diamante\/#primaryimage\",\"url\":\"https:\/\/sip-europ.com\/wp-content\/uploads\/2024\/06\/maxima-diamante.jpg\",\"contentUrl\":\"https:\/\/sip-europ.com\/wp-content\/uploads\/2024\/06\/maxima-diamante.jpg\"},{\"@type\":\"BreadcrumbList\",\"@id\":\"https:\/\/sip-europ.com\/maxima-diamante\/#breadcrumb\",\"itemListElement\":[{\"@type\":\"ListItem\",\"position\":1,\"name\":\"Portada\",\"item\":\"https:\/\/sip-europ.com\/\"},{\"@type\":\"ListItem\",\"position\":2,\"name\":\"M\u00e1xima Diamante\"}]},{\"@type\":\"WebSite\",\"@id\":\"https:\/\/sip-europ.com\/#website\",\"url\":\"https:\/\/sip-europ.com\/\",\"name\":\"Sip Europ - Setas protectoras antiempalamiento\",\"description\":\"Setas protectoras antiempalamiento y antirozadura para protecci\u00f3n del personal en obras e industria.\",\"publisher\":{\"@id\":\"https:\/\/sip-europ.com\/#organization\"},\"alternateName\":\"SipEurop\",\"potentialAction\":[{\"@type\":\"SearchAction\",\"target\":{\"@type\":\"EntryPoint\",\"urlTemplate\":\"https:\/\/sip-europ.com\/?s={search_term_string}\"},\"query-input\":{\"@type\":\"PropertyValueSpecification\",\"valueRequired\":true,\"valueName\":\"search_term_string\"}}],\"inLanguage\":\"en-US\"},{\"@type\":\"Organization\",\"@id\":\"https:\/\/sip-europ.com\/#organization\",\"name\":\"Sip Europ\",\"alternateName\":\"SipEurop\",\"url\":\"https:\/\/sip-europ.com\/\",\"logo\":{\"@type\":\"ImageObject\",\"inLanguage\":\"en-US\",\"@id\":\"https:\/\/sip-europ.com\/#\/schema\/logo\/image\/\",\"url\":\"https:\/\/sip-europ.com\/wp-content\/uploads\/2024\/04\/sip-europ-logo.png\",\"contentUrl\":\"https:\/\/sip-europ.com\/wp-content\/uploads\/2024\/04\/sip-europ-logo.png\",\"width\":4680,\"height\":1904,\"caption\":\"Sip Europ\"},\"image\":{\"@id\":\"https:\/\/sip-europ.com\/#\/schema\/logo\/image\/\"}}]}<\/script>\n<!-- \/ Yoast SEO plugin. -->","yoast_head_json":{"title":"M\u00e1xima Diamante - Sip Europ","robots":{"index":"index","follow":"follow","max-snippet":"max-snippet:-1","max-image-preview":"max-image-preview:large","max-video-preview":"max-video-preview:-1"},"canonical":"https:\/\/sip-europ.com\/en\/maxima-diamante\/","og_locale":"en_US","og_type":"article","og_title":"M\u00e1xima Diamante - Sip Europ","og_description":"M\u00e1xima Diamante Ref. 4010 Seta protectora anti-empalamiento. R\u00e1pida y f\u00e1cil fijaci\u00f3n con m\u00e1xima visibilidad. Reutilizable y reciclable. Di\u00e1metro: 5 -36mm [&hellip;]","og_url":"https:\/\/sip-europ.com\/en\/maxima-diamante\/","og_site_name":"Sip Europ","article_modified_time":"2026-03-12T09:57:25+00:00","og_image":[{"url":"https:\/\/sip-europ.com\/wp-content\/uploads\/2024\/06\/maxima-diamante.jpg","type":"","width":"","height":""}],"twitter_card":"summary_large_image","twitter_misc":{"Est. reading time":"2 minutes"},"schema":{"@context":"https:\/\/schema.org","@graph":[{"@type":"WebPage","@id":"https:\/\/sip-europ.com\/maxima-diamante\/","url":"https:\/\/sip-europ.com\/maxima-diamante\/","name":"M\u00e1xima Diamante - Sip Europ","isPartOf":{"@id":"https:\/\/sip-europ.com\/#website"},"primaryImageOfPage":{"@id":"https:\/\/sip-europ.com\/maxima-diamante\/#primaryimage"},"image":{"@id":"https:\/\/sip-europ.com\/maxima-diamante\/#primaryimage"},"thumbnailUrl":"https:\/\/sip-europ.com\/wp-content\/uploads\/2024\/06\/maxima-diamante.jpg","datePublished":"2024-06-18T09:45:25+00:00","dateModified":"2026-03-12T09:57:25+00:00","breadcrumb":{"@id":"https:\/\/sip-europ.com\/maxima-diamante\/#breadcrumb"},"inLanguage":"en-US","potentialAction":[{"@type":"ReadAction","target":["https:\/\/sip-europ.com\/maxima-diamante\/"]}]},{"@type":"ImageObject","inLanguage":"en-US","@id":"https:\/\/sip-europ.com\/maxima-diamante\/#primaryimage","url":"https:\/\/sip-europ.com\/wp-content\/uploads\/2024\/06\/maxima-diamante.jpg","contentUrl":"https:\/\/sip-europ.com\/wp-content\/uploads\/2024\/06\/maxima-diamante.jpg"},{"@type":"BreadcrumbList","@id":"https:\/\/sip-europ.com\/maxima-diamante\/#breadcrumb","itemListElement":[{"@type":"ListItem","position":1,"name":"Portada","item":"https:\/\/sip-europ.com\/"},{"@type":"ListItem","position":2,"name":"M\u00e1xima Diamante"}]},{"@type":"WebSite","@id":"https:\/\/sip-europ.com\/#website","url":"https:\/\/sip-europ.com\/","name":"Sip Europ - Setas protectoras antiempalamiento","description":"Setas protectoras antiempalamiento y antirozadura para protecci\u00f3n del personal en obras e industria.","publisher":{"@id":"https:\/\/sip-europ.com\/#organization"},"alternateName":"SipEurop","potentialAction":[{"@type":"SearchAction","target":{"@type":"EntryPoint","urlTemplate":"https:\/\/sip-europ.com\/?s={search_term_string}"},"query-input":{"@type":"PropertyValueSpecification","valueRequired":true,"valueName":"search_term_string"}}],"inLanguage":"en-US"},{"@type":"Organization","@id":"https:\/\/sip-europ.com\/#organization","name":"Sip Europ","alternateName":"SipEurop","url":"https:\/\/sip-europ.com\/","logo":{"@type":"ImageObject","inLanguage":"en-US","@id":"https:\/\/sip-europ.com\/#\/schema\/logo\/image\/","url":"https:\/\/sip-europ.com\/wp-content\/uploads\/2024\/04\/sip-europ-logo.png","contentUrl":"https:\/\/sip-europ.com\/wp-content\/uploads\/2024\/04\/sip-europ-logo.png","width":4680,"height":1904,"caption":"Sip Europ"},"image":{"@id":"https:\/\/sip-europ.com\/#\/schema\/logo\/image\/"}}]}},"_links":{"self":[{"href":"https:\/\/sip-europ.com\/en\/wp-json\/wp\/v2\/pages\/3190"}],"collection":[{"href":"https:\/\/sip-europ.com\/en\/wp-json\/wp\/v2\/pages"}],"about":[{"href":"https:\/\/sip-europ.com\/en\/wp-json\/wp\/v2\/types\/page"}],"author":[{"embeddable":true,"href":"https:\/\/sip-europ.com\/en\/wp-json\/wp\/v2\/users\/1"}],"replies":[{"embeddable":true,"href":"https:\/\/sip-europ.com\/en\/wp-json\/wp\/v2\/comments?post=3190"}],"version-history":[{"count":49,"href":"https:\/\/sip-europ.com\/en\/wp-json\/wp\/v2\/pages\/3190\/revisions"}],"predecessor-version":[{"id":4135,"href":"https:\/\/sip-europ.com\/en\/wp-json\/wp\/v2\/pages\/3190\/revisions\/4135"}],"wp:attachment":[{"href":"https:\/\/sip-europ.com\/en\/wp-json\/wp\/v2\/media?parent=3190"}],"curies":[{"name":"wp","href":"https:\/\/api.w.org\/{rel}","templated":true}]}}