{"id":3220,"date":"2024-06-18T10:10:37","date_gmt":"2024-06-18T10:10:37","guid":{"rendered":"https:\/\/sip-europ.com\/?page_id=3220"},"modified":"2026-03-12T09:55:42","modified_gmt":"2026-03-12T09:55:42","slug":"americana","status":"publish","type":"page","link":"https:\/\/sip-europ.com\/en\/americana\/","title":{"rendered":"Americana"},"content":{"rendered":"<div data-elementor-type=\"wp-page\" data-elementor-id=\"3220\" class=\"elementor elementor-3220\" data-elementor-post-type=\"page\">\n\t\t\t\t<div class=\"elementor-element elementor-element-1a93498f e-flex e-con-boxed e-con e-parent\" data-id=\"1a93498f\" data-element_type=\"container\">\n\t\t\t\t\t<div class=\"e-con-inner\">\n\t\t<div class=\"elementor-element elementor-element-2e39e750 e-con-full e-flex e-con e-child\" data-id=\"2e39e750\" data-element_type=\"container\">\n\t\t\t\t<div class=\"elementor-element elementor-element-333b711e elementor-arrows-position-inside elementor-pagination-position-outside elementor-widget elementor-widget-image-carousel\" data-id=\"333b711e\" data-element_type=\"widget\" data-settings=\"{&quot;slides_to_show&quot;:&quot;1&quot;,&quot;navigation&quot;:&quot;both&quot;,&quot;autoplay&quot;:&quot;yes&quot;,&quot;pause_on_hover&quot;:&quot;yes&quot;,&quot;pause_on_interaction&quot;:&quot;yes&quot;,&quot;autoplay_speed&quot;:5000,&quot;infinite&quot;:&quot;yes&quot;,&quot;effect&quot;:&quot;slide&quot;,&quot;speed&quot;:500}\" data-widget_type=\"image-carousel.default\">\n\t\t\t\t<div class=\"elementor-widget-container\">\n\t\t\t\t\t<div class=\"elementor-image-carousel-wrapper swiper\" dir=\"ltr\">\n\t\t\t<div class=\"elementor-image-carousel swiper-wrapper\" aria-live=\"off\">\n\t\t\t\t\t\t\t\t<div class=\"swiper-slide\" role=\"group\" aria-roledescription=\"slide\" aria-label=\"1 of 2\"><figure class=\"swiper-slide-inner\"><img decoding=\"async\" class=\"swiper-slide-image\" src=\"https:\/\/sip-europ.com\/wp-content\/uploads\/2024\/06\/americana-seta-1.jpg\" alt=\"americana-seta-1\" \/><\/figure><\/div><div class=\"swiper-slide\" role=\"group\" aria-roledescription=\"slide\" aria-label=\"2 of 2\"><figure class=\"swiper-slide-inner\"><img decoding=\"async\" class=\"swiper-slide-image\" src=\"https:\/\/sip-europ.com\/wp-content\/uploads\/2024\/06\/americana-seta-22.jpg\" alt=\"seta para obras modelo Americana\" \/><\/figure><\/div>\t\t\t<\/div>\n\t\t\t\t\t\t\t\t\t\t\t\t<div class=\"elementor-swiper-button elementor-swiper-button-prev\" role=\"button\" tabindex=\"0\">\n\t\t\t\t\t\t<svg aria-hidden=\"true\" class=\"e-font-icon-svg e-eicon-chevron-left\" viewbox=\"0 0 1000 1000\" xmlns=\"http:\/\/www.w3.org\/2000\/svg\"><path d=\"M646 125C629 125 613 133 604 142L308 442C296 454 292 471 292 487 292 504 296 521 308 533L604 854C617 867 629 875 646 875 663 875 679 871 692 858 704 846 713 829 713 812 713 796 708 779 692 767L438 487 692 225C700 217 708 204 708 187 708 171 704 154 692 142 675 129 663 125 646 125Z\"><\/path><\/svg>\t\t\t\t\t<\/div>\n\t\t\t\t\t<div class=\"elementor-swiper-button elementor-swiper-button-next\" role=\"button\" tabindex=\"0\">\n\t\t\t\t\t\t<svg aria-hidden=\"true\" class=\"e-font-icon-svg e-eicon-chevron-right\" viewbox=\"0 0 1000 1000\" xmlns=\"http:\/\/www.w3.org\/2000\/svg\"><path d=\"M696 533C708 521 713 504 713 487 713 471 708 454 696 446L400 146C388 133 375 125 354 125 338 125 325 129 313 142 300 154 292 171 292 187 292 204 296 221 308 233L563 492 304 771C292 783 288 800 288 817 288 833 296 850 308 863 321 871 338 875 354 875 371 875 388 867 400 854L696 533Z\"><\/path><\/svg>\t\t\t\t\t<\/div>\n\t\t\t\t\n\t\t\t\t\t\t\t\t\t<div class=\"swiper-pagination\"><\/div>\n\t\t\t\t\t\t\t\t\t<\/div>\n\t\t\t\t<\/div>\n\t\t\t\t<\/div>\n\t\t\t\t<\/div>\n\t\t<div class=\"elementor-element elementor-element-214a9686 e-con-full e-flex e-con e-child\" data-id=\"214a9686\" data-element_type=\"container\">\n\t\t<div class=\"elementor-element elementor-element-647405f e-con-full e-flex e-con e-child\" data-id=\"647405f\" data-element_type=\"container\">\n\t\t\t\t<div class=\"elementor-element elementor-element-53bd301 elementor-widget elementor-widget-heading\" data-id=\"53bd301\" data-element_type=\"widget\" data-widget_type=\"heading.default\">\n\t\t\t\t<div class=\"elementor-widget-container\">\n\t\t\t<h1 class=\"elementor-heading-title elementor-size-default\">AMERICANA<\/h1>\t\t<\/div>\n\t\t\t\t<\/div>\n\t\t\t\t<div class=\"elementor-element elementor-element-1ce6f25 elementor-widget elementor-widget-text-editor\" data-id=\"1ce6f25\" data-element_type=\"widget\" data-widget_type=\"text-editor.default\">\n\t\t\t\t<div class=\"elementor-widget-container\">\n\t\t\t\t\t\t\t<p>REF. 4000<\/p>\t\t\t\t\t\t<\/div>\n\t\t\t\t<\/div>\n\t\t\t\t<\/div>\n\t\t\t\t<div class=\"elementor-element elementor-element-fb4be66 elementor-widget elementor-widget-heading\" data-id=\"fb4be66\" data-element_type=\"widget\" data-widget_type=\"heading.default\">\n\t\t\t\t<div class=\"elementor-widget-container\">\n\t\t\t<h2 class=\"elementor-heading-title elementor-size-default\">Impalement protection, chafing cut protection and eye protection<\/h2>\t\t<\/div>\n\t\t\t\t<\/div>\n\t\t\t\t<div class=\"elementor-element elementor-element-2600c9a3 elementor-widget elementor-widget-text-editor\" data-id=\"2600c9a3\" data-element_type=\"widget\" data-widget_type=\"text-editor.default\">\n\t\t\t\t<div class=\"elementor-widget-container\">\n\t\t\t\t\t\t\t<p>Rebar cap anti-clogging. Quick and easy to attach with maximum visibility. Reusable and recyclable.<\/p>\t\t\t\t\t\t<\/div>\n\t\t\t\t<\/div>\n\t\t<div class=\"elementor-element elementor-element-66276ca4 e-flex e-con-boxed e-con e-child\" data-id=\"66276ca4\" data-element_type=\"container\">\n\t\t\t\t\t<div class=\"e-con-inner\">\n\t\t\t\t<div class=\"elementor-element elementor-element-385bb760 elementor-widget elementor-widget-text-editor\" data-id=\"385bb760\" data-element_type=\"widget\" data-widget_type=\"text-editor.default\">\n\t\t\t\t<div class=\"elementor-widget-container\">\n\t\t\t\t\t\t\t<ul>\n \t<li>Diameter: 12-20mm  \/ #5,2 - #8<\/li>\n \t<li>Bag: 25ud.<\/li>\n \t<li>Pallet: 80 bags (2.000 ud.)<\/li>\n \t<li>Minimum order, 1 box of 6<br> bags (150 ud)<\/li>\n \t<li>Minimum order with adapters,<br> 1 box of 5 bags (125 ud)<\/li>\n<\/ul>\t\t\t\t\t\t<\/div>\n\t\t\t\t<\/div>\n\t\t\t\t<div class=\"elementor-element elementor-element-175f767d elementor-widget elementor-widget-button\" data-id=\"175f767d\" data-element_type=\"widget\" data-widget_type=\"button.default\">\n\t\t\t\t<div class=\"elementor-widget-container\">\n\t\t\t\t\t\t\t<div class=\"elementor-button-wrapper\">\n\t\t\t\t\t<a class=\"elementor-button elementor-button-link elementor-size-sm\" href=\"https:\/\/sip-europ.com\/wp-content\/uploads\/2026\/03\/2026-ficha-tecnica-AMERICANA_compressed.pdf\" target=\"_blank\">\n\t\t\t\t\t\t<span class=\"elementor-button-content-wrapper\">\n\t\t\t\t\t\t\t\t\t<span class=\"elementor-button-text\">TECHNICAL<br> SHEET<br> 4000<\/span>\n\t\t\t\t\t<\/span>\n\t\t\t\t\t<\/a>\n\t\t\t\t<\/div>\n\t\t\t\t\t\t<\/div>\n\t\t\t\t<\/div>\n\t\t\t\t<div class=\"elementor-element elementor-element-66e82de elementor-widget elementor-widget-button\" data-id=\"66e82de\" data-element_type=\"widget\" data-widget_type=\"button.default\">\n\t\t\t\t<div class=\"elementor-widget-container\">\n\t\t\t\t\t\t\t<div class=\"elementor-button-wrapper\">\n\t\t\t\t\t<a class=\"elementor-button elementor-button-link elementor-size-sm\" href=\"https:\/\/sip-europ.com\/wp-content\/uploads\/2024\/06\/REBAR-CAPS-AMERICANA-4000-ESPANOL_opt.pdf\" target=\"_blank\">\n\t\t\t\t\t\t<span class=\"elementor-button-content-wrapper\">\n\t\t\t\t\t\t\t\t\t<span class=\"elementor-button-text\">REPORT<br> IMPACT<\/span>\n\t\t\t\t\t<\/span>\n\t\t\t\t\t<\/a>\n\t\t\t\t<\/div>\n\t\t\t\t\t\t<\/div>\n\t\t\t\t<\/div>\n\t\t\t\t\t<\/div>\n\t\t\t\t<\/div>\n\t\t\t\t<\/div>\n\t\t\t\t\t<\/div>\n\t\t\t\t<\/div>\n\t\t<div class=\"elementor-element elementor-element-88eab74 e-flex e-con-boxed e-con e-parent\" data-id=\"88eab74\" data-element_type=\"container\">\n\t\t\t\t\t<div class=\"e-con-inner\">\n\t\t<div class=\"elementor-element elementor-element-0f8b622 e-con-full e-flex e-con e-child\" data-id=\"0f8b622\" data-element_type=\"container\">\n\t\t\t\t<div class=\"elementor-element elementor-element-224a9e4 elementor-widget elementor-widget-image\" data-id=\"224a9e4\" data-element_type=\"widget\" data-widget_type=\"image.default\">\n\t\t\t\t<div class=\"elementor-widget-container\">\n\t\t\t\t\t\t\t\t\t\t\t\t\t\t<a href=\"https:\/\/sip-europ.com\/wp-content\/uploads\/2024\/06\/americana-1-sip-europ.jpg\" data-elementor-open-lightbox=\"yes\" data-elementor-lightbox-title=\"americana-1-sip-europ\" data-e-action-hash=\"#elementor-action%3Aaction%3Dlightbox%26settings%3DeyJpZCI6MzM0OCwidXJsIjoiaHR0cHM6XC9cL3NpcC1ldXJvcC5jb21cL3dwLWNvbnRlbnRcL3VwbG9hZHNcLzIwMjRcLzA2XC9hbWVyaWNhbmEtMS1zaXAtZXVyb3AuanBnIn0%3D\">\n\t\t\t\t\t\t\t<img fetchpriority=\"high\" decoding=\"async\" width=\"766\" height=\"1024\" src=\"https:\/\/sip-europ.com\/wp-content\/uploads\/2024\/06\/americana-1-sip-europ-766x1024.jpg\" class=\"attachment-large size-large wp-image-3348\" alt=\"seta obra modelo Americana\" srcset=\"https:\/\/sip-europ.com\/wp-content\/uploads\/2024\/06\/americana-1-sip-europ-766x1024.jpg 766w, https:\/\/sip-europ.com\/wp-content\/uploads\/2024\/06\/americana-1-sip-europ-225x300.jpg 225w, https:\/\/sip-europ.com\/wp-content\/uploads\/2024\/06\/americana-1-sip-europ-768x1026.jpg 768w, https:\/\/sip-europ.com\/wp-content\/uploads\/2024\/06\/americana-1-sip-europ-600x802.jpg 600w, https:\/\/sip-europ.com\/wp-content\/uploads\/2024\/06\/americana-1-sip-europ.jpg 800w\" sizes=\"(max-width: 766px) 100vw, 766px\" \/>\t\t\t\t\t\t\t\t<\/a>\n\t\t\t\t\t\t\t\t\t\t\t\t\t<\/div>\n\t\t\t\t<\/div>\n\t\t\t\t<\/div>\n\t\t<div class=\"elementor-element elementor-element-49478d4 e-con-full e-flex e-con e-child\" data-id=\"49478d4\" data-element_type=\"container\">\n\t\t\t\t<div class=\"elementor-element elementor-element-59db340 elementor-widget elementor-widget-image\" data-id=\"59db340\" data-element_type=\"widget\" data-widget_type=\"image.default\">\n\t\t\t\t<div class=\"elementor-widget-container\">\n\t\t\t\t\t\t\t\t\t\t\t\t\t\t<a href=\"https:\/\/sip-europ.com\/wp-content\/uploads\/2024\/06\/americana-2-sip-europ.jpg\" data-elementor-open-lightbox=\"yes\" data-elementor-lightbox-title=\"americana-2-sip-europ\" data-e-action-hash=\"#elementor-action%3Aaction%3Dlightbox%26settings%3DeyJpZCI6MzM0OSwidXJsIjoiaHR0cHM6XC9cL3NpcC1ldXJvcC5jb21cL3dwLWNvbnRlbnRcL3VwbG9hZHNcLzIwMjRcLzA2XC9hbWVyaWNhbmEtMi1zaXAtZXVyb3AuanBnIn0%3D\">\n\t\t\t\t\t\t\t<img decoding=\"async\" width=\"766\" height=\"1024\" src=\"https:\/\/sip-europ.com\/wp-content\/uploads\/2024\/06\/americana-2-sip-europ-766x1024.jpg\" class=\"attachment-large size-large wp-image-3349\" alt=\"\" srcset=\"https:\/\/sip-europ.com\/wp-content\/uploads\/2024\/06\/americana-2-sip-europ-766x1024.jpg 766w, https:\/\/sip-europ.com\/wp-content\/uploads\/2024\/06\/americana-2-sip-europ-225x300.jpg 225w, https:\/\/sip-europ.com\/wp-content\/uploads\/2024\/06\/americana-2-sip-europ-768x1026.jpg 768w, https:\/\/sip-europ.com\/wp-content\/uploads\/2024\/06\/americana-2-sip-europ-600x802.jpg 600w, https:\/\/sip-europ.com\/wp-content\/uploads\/2024\/06\/americana-2-sip-europ.jpg 800w\" sizes=\"(max-width: 766px) 100vw, 766px\" \/>\t\t\t\t\t\t\t\t<\/a>\n\t\t\t\t\t\t\t\t\t\t\t\t\t<\/div>\n\t\t\t\t<\/div>\n\t\t\t\t<\/div>\n\t\t<div class=\"elementor-element elementor-element-f9c4fe3 e-con-full e-flex e-con e-child\" data-id=\"f9c4fe3\" data-element_type=\"container\">\n\t\t\t\t<div class=\"elementor-element elementor-element-c1a753b elementor-widget elementor-widget-image\" data-id=\"c1a753b\" data-element_type=\"widget\" data-widget_type=\"image.default\">\n\t\t\t\t<div class=\"elementor-widget-container\">\n\t\t\t\t\t\t\t\t\t\t\t\t\t\t<a href=\"https:\/\/sip-europ.com\/wp-content\/uploads\/2024\/06\/americana-3-sip-europ.png\" data-elementor-open-lightbox=\"yes\" data-elementor-lightbox-title=\"americana-3-sip-europ\" data-e-action-hash=\"#elementor-action%3Aaction%3Dlightbox%26settings%3DeyJpZCI6MzM1MSwidXJsIjoiaHR0cHM6XC9cL3NpcC1ldXJvcC5jb21cL3dwLWNvbnRlbnRcL3VwbG9hZHNcLzIwMjRcLzA2XC9hbWVyaWNhbmEtMy1zaXAtZXVyb3AucG5nIn0%3D\">\n\t\t\t\t\t\t\t<img decoding=\"async\" width=\"766\" height=\"1024\" src=\"https:\/\/sip-europ.com\/wp-content\/uploads\/2024\/06\/americana-3-sip-europ-766x1024.png\" class=\"attachment-large size-large wp-image-3351\" alt=\"\" srcset=\"https:\/\/sip-europ.com\/wp-content\/uploads\/2024\/06\/americana-3-sip-europ-766x1024.png 766w, https:\/\/sip-europ.com\/wp-content\/uploads\/2024\/06\/americana-3-sip-europ-225x300.png 225w, https:\/\/sip-europ.com\/wp-content\/uploads\/2024\/06\/americana-3-sip-europ-768x1026.png 768w, https:\/\/sip-europ.com\/wp-content\/uploads\/2024\/06\/americana-3-sip-europ-600x802.png 600w, https:\/\/sip-europ.com\/wp-content\/uploads\/2024\/06\/americana-3-sip-europ.png 800w\" sizes=\"(max-width: 766px) 100vw, 766px\" \/>\t\t\t\t\t\t\t\t<\/a>\n\t\t\t\t\t\t\t\t\t\t\t\t\t<\/div>\n\t\t\t\t<\/div>\n\t\t\t\t<\/div>\n\t\t<div class=\"elementor-element elementor-element-b9cb6e8 e-con-full e-flex e-con e-child\" data-id=\"b9cb6e8\" data-element_type=\"container\">\n\t\t\t\t<div class=\"elementor-element elementor-element-2d83672 elementor-widget elementor-widget-image\" data-id=\"2d83672\" data-element_type=\"widget\" data-widget_type=\"image.default\">\n\t\t\t\t<div class=\"elementor-widget-container\">\n\t\t\t\t\t\t\t\t\t\t\t\t\t\t<a href=\"https:\/\/sip-europ.com\/wp-content\/uploads\/2024\/06\/americana-4-sip-europ.jpg\" data-elementor-open-lightbox=\"yes\" data-elementor-lightbox-title=\"americana-4-sip-europ\" data-e-action-hash=\"#elementor-action%3Aaction%3Dlightbox%26settings%3DeyJpZCI6MzM1MiwidXJsIjoiaHR0cHM6XC9cL3NpcC1ldXJvcC5jb21cL3dwLWNvbnRlbnRcL3VwbG9hZHNcLzIwMjRcLzA2XC9hbWVyaWNhbmEtNC1zaXAtZXVyb3AuanBnIn0%3D\">\n\t\t\t\t\t\t\t<img loading=\"lazy\" decoding=\"async\" width=\"766\" height=\"1024\" src=\"https:\/\/sip-europ.com\/wp-content\/uploads\/2024\/06\/americana-4-sip-europ-766x1024.jpg\" class=\"attachment-large size-large wp-image-3352\" alt=\"seta obra modelo Americana\" srcset=\"https:\/\/sip-europ.com\/wp-content\/uploads\/2024\/06\/americana-4-sip-europ-766x1024.jpg 766w, https:\/\/sip-europ.com\/wp-content\/uploads\/2024\/06\/americana-4-sip-europ-225x300.jpg 225w, https:\/\/sip-europ.com\/wp-content\/uploads\/2024\/06\/americana-4-sip-europ-768x1026.jpg 768w, https:\/\/sip-europ.com\/wp-content\/uploads\/2024\/06\/americana-4-sip-europ-600x802.jpg 600w, https:\/\/sip-europ.com\/wp-content\/uploads\/2024\/06\/americana-4-sip-europ.jpg 800w\" sizes=\"(max-width: 766px) 100vw, 766px\" \/>\t\t\t\t\t\t\t\t<\/a>\n\t\t\t\t\t\t\t\t\t\t\t\t\t<\/div>\n\t\t\t\t<\/div>\n\t\t\t\t<\/div>\n\t\t\t\t\t<\/div>\n\t\t\t\t<\/div>\n\t\t<div class=\"elementor-element elementor-element-6ca41154 e-flex e-con-boxed e-con e-parent\" data-id=\"6ca41154\" data-element_type=\"container\">\n\t\t\t\t\t<div class=\"e-con-inner\">\n\t\t\t\t<div class=\"elementor-element elementor-element-52f662bd elementor-widget elementor-widget-video\" data-id=\"52f662bd\" data-element_type=\"widget\" data-settings=\"{&quot;youtube_url&quot;:&quot;https:\\\/\\\/www.youtube.com\\\/watch?v=NGJWZ1ukp9w&quot;,&quot;mute&quot;:&quot;yes&quot;,&quot;video_type&quot;:&quot;youtube&quot;}\" data-widget_type=\"video.default\">\n\t\t\t\t<div class=\"elementor-widget-container\">\n\t\t\t\t\t<div class=\"elementor-wrapper elementor-open-inline\">\n\t\t\t<div class=\"elementor-video\"><\/div>\t\t<\/div>\n\t\t\t\t<\/div>\n\t\t\t\t<\/div>\n\t\t\t\t\t<\/div>\n\t\t\t\t<\/div>\n\t\t\t\t<\/div>","protected":false},"excerpt":{"rendered":"<p>AMERICANA REF. 4000 Protecci\u00f3n empalamiento, protecci\u00f3n cortes por rozadura y protecci\u00f3n visual Seta protectora anti-empalamiento. R\u00e1pida y f\u00e1cil fijaci\u00f3n con [&hellip;]<\/p>","protected":false},"author":1,"featured_media":0,"parent":0,"menu_order":0,"comment_status":"closed","ping_status":"closed","template":"","meta":{"site-sidebar-layout":"no-sidebar","site-content-layout":"page-builder","ast-site-content-layout":"full-width-container","site-content-style":"default","site-sidebar-style":"default","ast-global-header-display":"","ast-banner-title-visibility":"","ast-main-header-display":"","ast-hfb-above-header-display":"","ast-hfb-below-header-display":"","ast-hfb-mobile-header-display":"","site-post-title":"disabled","ast-breadcrumbs-content":"","ast-featured-img":"disabled","footer-sml-layout":"","theme-transparent-header-meta":"","adv-header-id-meta":"","stick-header-meta":"","header-above-stick-meta":"","header-main-stick-meta":"","header-below-stick-meta":"","astra-migrate-meta-layouts":"set","ast-page-background-enabled":"default","ast-page-background-meta":{"desktop":{"background-color":"","background-image":"","background-repeat":"repeat","background-position":"center center","background-size":"auto","background-attachment":"scroll","background-type":"","background-media":"","overlay-type":"","overlay-color":"","overlay-opacity":"","overlay-gradient":""},"tablet":{"background-color":"","background-image":"","background-repeat":"repeat","background-position":"center center","background-size":"auto","background-attachment":"scroll","background-type":"","background-media":"","overlay-type":"","overlay-color":"","overlay-opacity":"","overlay-gradient":""},"mobile":{"background-color":"","background-image":"","background-repeat":"repeat","background-position":"center center","background-size":"auto","background-attachment":"scroll","background-type":"","background-media":"","overlay-type":"","overlay-color":"","overlay-opacity":"","overlay-gradient":""}},"ast-content-background-meta":{"desktop":{"background-color":"var(--ast-global-color-5)","background-image":"","background-repeat":"repeat","background-position":"center center","background-size":"auto","background-attachment":"scroll","background-type":"","background-media":"","overlay-type":"","overlay-color":"","overlay-opacity":"","overlay-gradient":""},"tablet":{"background-color":"var(--ast-global-color-5)","background-image":"","background-repeat":"repeat","background-position":"center center","background-size":"auto","background-attachment":"scroll","background-type":"","background-media":"","overlay-type":"","overlay-color":"","overlay-opacity":"","overlay-gradient":""},"mobile":{"background-color":"var(--ast-global-color-5)","background-image":"","background-repeat":"repeat","background-position":"center center","background-size":"auto","background-attachment":"scroll","background-type":"","background-media":"","overlay-type":"","overlay-color":"","overlay-opacity":"","overlay-gradient":""}},"footnotes":""},"yoast_head":"<!-- This site is optimized with the Yoast SEO plugin v24.5 - https:\/\/yoast.com\/wordpress\/plugins\/seo\/ -->\n<title>Americana - Sip Europ<\/title>\n<meta name=\"robots\" content=\"index, follow, max-snippet:-1, max-image-preview:large, max-video-preview:-1\" \/>\n<link rel=\"canonical\" href=\"https:\/\/sip-europ.com\/en\/americana\/\" \/>\n<meta property=\"og:locale\" content=\"en_US\" \/>\n<meta property=\"og:type\" content=\"article\" \/>\n<meta property=\"og:title\" content=\"Americana - Sip Europ\" \/>\n<meta property=\"og:description\" content=\"AMERICANA REF. 4000 Protecci\u00f3n empalamiento, protecci\u00f3n cortes por rozadura y protecci\u00f3n visual Seta protectora anti-empalamiento. R\u00e1pida y f\u00e1cil fijaci\u00f3n con [&hellip;]\" \/>\n<meta property=\"og:url\" content=\"https:\/\/sip-europ.com\/en\/americana\/\" \/>\n<meta property=\"og:site_name\" content=\"Sip Europ\" \/>\n<meta property=\"article:modified_time\" content=\"2026-03-12T09:55:42+00:00\" \/>\n<meta property=\"og:image\" content=\"https:\/\/sip-europ.com\/wp-content\/uploads\/2024\/06\/americana-seta-1.jpg\" \/>\n<meta name=\"twitter:card\" content=\"summary_large_image\" \/>\n<meta name=\"twitter:label1\" content=\"Est. reading time\" \/>\n\t<meta name=\"twitter:data1\" content=\"2 minutes\" \/>\n<script type=\"application\/ld+json\" class=\"yoast-schema-graph\">{\"@context\":\"https:\/\/schema.org\",\"@graph\":[{\"@type\":\"WebPage\",\"@id\":\"https:\/\/sip-europ.com\/americana\/\",\"url\":\"https:\/\/sip-europ.com\/americana\/\",\"name\":\"Americana - Sip Europ\",\"isPartOf\":{\"@id\":\"https:\/\/sip-europ.com\/#website\"},\"primaryImageOfPage\":{\"@id\":\"https:\/\/sip-europ.com\/americana\/#primaryimage\"},\"image\":{\"@id\":\"https:\/\/sip-europ.com\/americana\/#primaryimage\"},\"thumbnailUrl\":\"https:\/\/sip-europ.com\/wp-content\/uploads\/2024\/06\/americana-seta-1.jpg\",\"datePublished\":\"2024-06-18T10:10:37+00:00\",\"dateModified\":\"2026-03-12T09:55:42+00:00\",\"breadcrumb\":{\"@id\":\"https:\/\/sip-europ.com\/americana\/#breadcrumb\"},\"inLanguage\":\"en-US\",\"potentialAction\":[{\"@type\":\"ReadAction\",\"target\":[\"https:\/\/sip-europ.com\/americana\/\"]}]},{\"@type\":\"ImageObject\",\"inLanguage\":\"en-US\",\"@id\":\"https:\/\/sip-europ.com\/americana\/#primaryimage\",\"url\":\"https:\/\/sip-europ.com\/wp-content\/uploads\/2024\/06\/americana-seta-1.jpg\",\"contentUrl\":\"https:\/\/sip-europ.com\/wp-content\/uploads\/2024\/06\/americana-seta-1.jpg\"},{\"@type\":\"BreadcrumbList\",\"@id\":\"https:\/\/sip-europ.com\/americana\/#breadcrumb\",\"itemListElement\":[{\"@type\":\"ListItem\",\"position\":1,\"name\":\"Portada\",\"item\":\"https:\/\/sip-europ.com\/\"},{\"@type\":\"ListItem\",\"position\":2,\"name\":\"Americana\"}]},{\"@type\":\"WebSite\",\"@id\":\"https:\/\/sip-europ.com\/#website\",\"url\":\"https:\/\/sip-europ.com\/\",\"name\":\"Sip Europ - Setas protectoras antiempalamiento\",\"description\":\"Setas protectoras antiempalamiento y antirozadura para protecci\u00f3n del personal en obras e industria.\",\"publisher\":{\"@id\":\"https:\/\/sip-europ.com\/#organization\"},\"alternateName\":\"SipEurop\",\"potentialAction\":[{\"@type\":\"SearchAction\",\"target\":{\"@type\":\"EntryPoint\",\"urlTemplate\":\"https:\/\/sip-europ.com\/?s={search_term_string}\"},\"query-input\":{\"@type\":\"PropertyValueSpecification\",\"valueRequired\":true,\"valueName\":\"search_term_string\"}}],\"inLanguage\":\"en-US\"},{\"@type\":\"Organization\",\"@id\":\"https:\/\/sip-europ.com\/#organization\",\"name\":\"Sip Europ\",\"alternateName\":\"SipEurop\",\"url\":\"https:\/\/sip-europ.com\/\",\"logo\":{\"@type\":\"ImageObject\",\"inLanguage\":\"en-US\",\"@id\":\"https:\/\/sip-europ.com\/#\/schema\/logo\/image\/\",\"url\":\"https:\/\/sip-europ.com\/wp-content\/uploads\/2024\/04\/sip-europ-logo.png\",\"contentUrl\":\"https:\/\/sip-europ.com\/wp-content\/uploads\/2024\/04\/sip-europ-logo.png\",\"width\":4680,\"height\":1904,\"caption\":\"Sip Europ\"},\"image\":{\"@id\":\"https:\/\/sip-europ.com\/#\/schema\/logo\/image\/\"}}]}<\/script>\n<!-- \/ Yoast SEO plugin. -->","yoast_head_json":{"title":"Americana - Sip Europ","robots":{"index":"index","follow":"follow","max-snippet":"max-snippet:-1","max-image-preview":"max-image-preview:large","max-video-preview":"max-video-preview:-1"},"canonical":"https:\/\/sip-europ.com\/en\/americana\/","og_locale":"en_US","og_type":"article","og_title":"Americana - Sip Europ","og_description":"AMERICANA REF. 4000 Protecci\u00f3n empalamiento, protecci\u00f3n cortes por rozadura y protecci\u00f3n visual Seta protectora anti-empalamiento. R\u00e1pida y f\u00e1cil fijaci\u00f3n con [&hellip;]","og_url":"https:\/\/sip-europ.com\/en\/americana\/","og_site_name":"Sip Europ","article_modified_time":"2026-03-12T09:55:42+00:00","og_image":[{"url":"https:\/\/sip-europ.com\/wp-content\/uploads\/2024\/06\/americana-seta-1.jpg","type":"","width":"","height":""}],"twitter_card":"summary_large_image","twitter_misc":{"Est. reading time":"2 minutes"},"schema":{"@context":"https:\/\/schema.org","@graph":[{"@type":"WebPage","@id":"https:\/\/sip-europ.com\/americana\/","url":"https:\/\/sip-europ.com\/americana\/","name":"Americana - Sip Europ","isPartOf":{"@id":"https:\/\/sip-europ.com\/#website"},"primaryImageOfPage":{"@id":"https:\/\/sip-europ.com\/americana\/#primaryimage"},"image":{"@id":"https:\/\/sip-europ.com\/americana\/#primaryimage"},"thumbnailUrl":"https:\/\/sip-europ.com\/wp-content\/uploads\/2024\/06\/americana-seta-1.jpg","datePublished":"2024-06-18T10:10:37+00:00","dateModified":"2026-03-12T09:55:42+00:00","breadcrumb":{"@id":"https:\/\/sip-europ.com\/americana\/#breadcrumb"},"inLanguage":"en-US","potentialAction":[{"@type":"ReadAction","target":["https:\/\/sip-europ.com\/americana\/"]}]},{"@type":"ImageObject","inLanguage":"en-US","@id":"https:\/\/sip-europ.com\/americana\/#primaryimage","url":"https:\/\/sip-europ.com\/wp-content\/uploads\/2024\/06\/americana-seta-1.jpg","contentUrl":"https:\/\/sip-europ.com\/wp-content\/uploads\/2024\/06\/americana-seta-1.jpg"},{"@type":"BreadcrumbList","@id":"https:\/\/sip-europ.com\/americana\/#breadcrumb","itemListElement":[{"@type":"ListItem","position":1,"name":"Portada","item":"https:\/\/sip-europ.com\/"},{"@type":"ListItem","position":2,"name":"Americana"}]},{"@type":"WebSite","@id":"https:\/\/sip-europ.com\/#website","url":"https:\/\/sip-europ.com\/","name":"Sip Europ - Setas protectoras antiempalamiento","description":"Setas protectoras antiempalamiento y antirozadura para protecci\u00f3n del personal en obras e industria.","publisher":{"@id":"https:\/\/sip-europ.com\/#organization"},"alternateName":"SipEurop","potentialAction":[{"@type":"SearchAction","target":{"@type":"EntryPoint","urlTemplate":"https:\/\/sip-europ.com\/?s={search_term_string}"},"query-input":{"@type":"PropertyValueSpecification","valueRequired":true,"valueName":"search_term_string"}}],"inLanguage":"en-US"},{"@type":"Organization","@id":"https:\/\/sip-europ.com\/#organization","name":"Sip Europ","alternateName":"SipEurop","url":"https:\/\/sip-europ.com\/","logo":{"@type":"ImageObject","inLanguage":"en-US","@id":"https:\/\/sip-europ.com\/#\/schema\/logo\/image\/","url":"https:\/\/sip-europ.com\/wp-content\/uploads\/2024\/04\/sip-europ-logo.png","contentUrl":"https:\/\/sip-europ.com\/wp-content\/uploads\/2024\/04\/sip-europ-logo.png","width":4680,"height":1904,"caption":"Sip Europ"},"image":{"@id":"https:\/\/sip-europ.com\/#\/schema\/logo\/image\/"}}]}},"_links":{"self":[{"href":"https:\/\/sip-europ.com\/en\/wp-json\/wp\/v2\/pages\/3220"}],"collection":[{"href":"https:\/\/sip-europ.com\/en\/wp-json\/wp\/v2\/pages"}],"about":[{"href":"https:\/\/sip-europ.com\/en\/wp-json\/wp\/v2\/types\/page"}],"author":[{"embeddable":true,"href":"https:\/\/sip-europ.com\/en\/wp-json\/wp\/v2\/users\/1"}],"replies":[{"embeddable":true,"href":"https:\/\/sip-europ.com\/en\/wp-json\/wp\/v2\/comments?post=3220"}],"version-history":[{"count":61,"href":"https:\/\/sip-europ.com\/en\/wp-json\/wp\/v2\/pages\/3220\/revisions"}],"predecessor-version":[{"id":4131,"href":"https:\/\/sip-europ.com\/en\/wp-json\/wp\/v2\/pages\/3220\/revisions\/4131"}],"wp:attachment":[{"href":"https:\/\/sip-europ.com\/en\/wp-json\/wp\/v2\/media?parent=3220"}],"curies":[{"name":"wp","href":"https:\/\/api.w.org\/{rel}","templated":true}]}}