{"id":3260,"date":"2024-06-18T10:40:10","date_gmt":"2024-06-18T10:40:10","guid":{"rendered":"https:\/\/sip-europ.com\/?page_id=3260"},"modified":"2026-03-12T10:02:55","modified_gmt":"2026-03-12T10:02:55","slug":"safety","status":"publish","type":"page","link":"https:\/\/sip-europ.com\/en\/safety\/","title":{"rendered":"Safety"},"content":{"rendered":"<div data-elementor-type=\"wp-page\" data-elementor-id=\"3260\" class=\"elementor elementor-3260\" data-elementor-post-type=\"page\">\n\t\t\t\t<div class=\"elementor-element elementor-element-166f9c5e e-flex e-con-boxed e-con e-parent\" data-id=\"166f9c5e\" data-element_type=\"container\">\n\t\t\t\t\t<div class=\"e-con-inner\">\n\t\t<div class=\"elementor-element elementor-element-ac92f42 e-con-full e-flex e-con e-child\" data-id=\"ac92f42\" data-element_type=\"container\">\n\t\t\t\t<div class=\"elementor-element elementor-element-5f255bc elementor-arrows-position-inside elementor-pagination-position-outside elementor-widget elementor-widget-image-carousel\" data-id=\"5f255bc\" data-element_type=\"widget\" data-settings=\"{&quot;slides_to_show&quot;:&quot;1&quot;,&quot;navigation&quot;:&quot;both&quot;,&quot;autoplay&quot;:&quot;yes&quot;,&quot;pause_on_hover&quot;:&quot;yes&quot;,&quot;pause_on_interaction&quot;:&quot;yes&quot;,&quot;autoplay_speed&quot;:5000,&quot;infinite&quot;:&quot;yes&quot;,&quot;effect&quot;:&quot;slide&quot;,&quot;speed&quot;:500}\" data-widget_type=\"image-carousel.default\">\n\t\t\t\t<div class=\"elementor-widget-container\">\n\t\t\t\t\t<div class=\"elementor-image-carousel-wrapper swiper\" dir=\"ltr\">\n\t\t\t<div class=\"elementor-image-carousel swiper-wrapper\" aria-live=\"off\">\n\t\t\t\t\t\t\t\t<div class=\"swiper-slide\" role=\"group\" aria-roledescription=\"slide\" aria-label=\"1 of 2\"><figure class=\"swiper-slide-inner\"><img decoding=\"async\" class=\"swiper-slide-image\" src=\"https:\/\/sip-europ.com\/wp-content\/uploads\/2024\/06\/safety-5000.jpg\" alt=\"safety-5000\" \/><\/figure><\/div><div class=\"swiper-slide\" role=\"group\" aria-roledescription=\"slide\" aria-label=\"2 of 2\"><figure class=\"swiper-slide-inner\"><img decoding=\"async\" class=\"swiper-slide-image\" src=\"https:\/\/sip-europ.com\/wp-content\/uploads\/2024\/06\/safety-5001.jpg\" alt=\"safety-5001\" \/><\/figure><\/div>\t\t\t<\/div>\n\t\t\t\t\t\t\t\t\t\t\t\t<div class=\"elementor-swiper-button elementor-swiper-button-prev\" role=\"button\" tabindex=\"0\">\n\t\t\t\t\t\t<svg aria-hidden=\"true\" class=\"e-font-icon-svg e-eicon-chevron-left\" viewbox=\"0 0 1000 1000\" xmlns=\"http:\/\/www.w3.org\/2000\/svg\"><path d=\"M646 125C629 125 613 133 604 142L308 442C296 454 292 471 292 487 292 504 296 521 308 533L604 854C617 867 629 875 646 875 663 875 679 871 692 858 704 846 713 829 713 812 713 796 708 779 692 767L438 487 692 225C700 217 708 204 708 187 708 171 704 154 692 142 675 129 663 125 646 125Z\"><\/path><\/svg>\t\t\t\t\t<\/div>\n\t\t\t\t\t<div class=\"elementor-swiper-button elementor-swiper-button-next\" role=\"button\" tabindex=\"0\">\n\t\t\t\t\t\t<svg aria-hidden=\"true\" class=\"e-font-icon-svg e-eicon-chevron-right\" viewbox=\"0 0 1000 1000\" xmlns=\"http:\/\/www.w3.org\/2000\/svg\"><path d=\"M696 533C708 521 713 504 713 487 713 471 708 454 696 446L400 146C388 133 375 125 354 125 338 125 325 129 313 142 300 154 292 171 292 187 292 204 296 221 308 233L563 492 304 771C292 783 288 800 288 817 288 833 296 850 308 863 321 871 338 875 354 875 371 875 388 867 400 854L696 533Z\"><\/path><\/svg>\t\t\t\t\t<\/div>\n\t\t\t\t\n\t\t\t\t\t\t\t\t\t<div class=\"swiper-pagination\"><\/div>\n\t\t\t\t\t\t\t\t\t<\/div>\n\t\t\t\t<\/div>\n\t\t\t\t<\/div>\n\t\t\t\t<\/div>\n\t\t<div class=\"elementor-element elementor-element-27d518cd e-con-full e-flex e-con e-child\" data-id=\"27d518cd\" data-element_type=\"container\">\n\t\t<div class=\"elementor-element elementor-element-c23f1ab e-con-full e-flex e-con e-child\" data-id=\"c23f1ab\" data-element_type=\"container\">\n\t\t\t\t<div class=\"elementor-element elementor-element-e99bc77 elementor-widget elementor-widget-heading\" data-id=\"e99bc77\" data-element_type=\"widget\" data-widget_type=\"heading.default\">\n\t\t\t\t<div class=\"elementor-widget-container\">\n\t\t\t<h1 class=\"elementor-heading-title elementor-size-default\">Safety Europ 1 metre<\/h1>\t\t<\/div>\n\t\t\t\t<\/div>\n\t\t\t\t<div class=\"elementor-element elementor-element-fea2a5a elementor-widget elementor-widget-text-editor\" data-id=\"fea2a5a\" data-element_type=\"widget\" data-widget_type=\"text-editor.default\">\n\t\t\t\t<div class=\"elementor-widget-container\">\n\t\t\t\t\t\t\t<p>REF. 5000<\/p>\t\t\t\t\t\t<\/div>\n\t\t\t\t<\/div>\n\t\t\t\t<\/div>\n\t\t\t\t<div class=\"elementor-element elementor-element-24b3655 elementor-widget elementor-widget-heading\" data-id=\"24b3655\" data-element_type=\"widget\" data-widget_type=\"heading.default\">\n\t\t\t\t<div class=\"elementor-widget-container\">\n\t\t\t<h2 class=\"elementor-heading-title elementor-size-default\">Protection against cuts due to chafing and eye protection<\/h2>\t\t<\/div>\n\t\t\t\t<\/div>\n\t\t\t\t<div class=\"elementor-element elementor-element-1c033b4a elementor-widget elementor-widget-text-editor\" data-id=\"1c033b4a\" data-element_type=\"widget\" data-widget_type=\"text-editor.default\">\n\t\t\t\t<div class=\"elementor-widget-container\">\n\t\t\t\t\t\t\t<p>Cut protection (REF 5000). Quick and easy to attach. Maximum visibility. Reusable and recyclable product.<\/p>\t\t\t\t\t\t<\/div>\n\t\t\t\t<\/div>\n\t\t<div class=\"elementor-element elementor-element-78e1fc8a e-flex e-con-boxed e-con e-child\" data-id=\"78e1fc8a\" data-element_type=\"container\">\n\t\t\t\t\t<div class=\"e-con-inner\">\n\t\t\t\t<div class=\"elementor-element elementor-element-fb3af0d elementor-widget elementor-widget-text-editor\" data-id=\"fb3af0d\" data-element_type=\"widget\" data-widget_type=\"text-editor.default\">\n\t\t\t\t<div class=\"elementor-widget-container\">\n\t\t\t\t\t\t\t<ul><li><strong>Cutting protection (Ref.5000)<\/strong><\/li><li>1 metre<\/li><li>8-40 mm \/ #3 - #15<\/li><li>Pallet: 300 ud<\/li><\/ul>\t\t\t\t\t\t<\/div>\n\t\t\t\t<\/div>\n\t\t\t\t<div class=\"elementor-element elementor-element-5d30f64 elementor-widget elementor-widget-button\" data-id=\"5d30f64\" data-element_type=\"widget\" data-widget_type=\"button.default\">\n\t\t\t\t<div class=\"elementor-widget-container\">\n\t\t\t\t\t\t\t<div class=\"elementor-button-wrapper\">\n\t\t\t\t\t<a class=\"elementor-button elementor-button-link elementor-size-sm\" href=\"https:\/\/sip-europ.com\/wp-content\/uploads\/2026\/03\/2026-ficha-tecnica-SAFETY-EUROP-5000_compressed.pdf\" target=\"_blank\">\n\t\t\t\t\t\t<span class=\"elementor-button-content-wrapper\">\n\t\t\t\t\t\t\t\t\t<span class=\"elementor-button-text\">TECHNICAL<br> SHEET<br> 5000<\/span>\n\t\t\t\t\t<\/span>\n\t\t\t\t\t<\/a>\n\t\t\t\t<\/div>\n\t\t\t\t\t\t<\/div>\n\t\t\t\t<\/div>\n\t\t\t\t\t<\/div>\n\t\t\t\t<\/div>\n\t\t<div class=\"elementor-element elementor-element-aebbc99 e-con-full e-flex e-con e-child\" data-id=\"aebbc99\" data-element_type=\"container\">\n\t\t\t\t<div class=\"elementor-element elementor-element-aba2dc7 elementor-widget elementor-widget-heading\" data-id=\"aba2dc7\" data-element_type=\"widget\" data-widget_type=\"heading.default\">\n\t\t\t\t<div class=\"elementor-widget-container\">\n\t\t\t<h1 class=\"elementor-heading-title elementor-size-default\">Safety Europ 1 metro   Plus metal<\/h1>\t\t<\/div>\n\t\t\t\t<\/div>\n\t\t\t\t<div class=\"elementor-element elementor-element-9c37633 elementor-widget elementor-widget-text-editor\" data-id=\"9c37633\" data-element_type=\"widget\" data-widget_type=\"text-editor.default\">\n\t\t\t\t<div class=\"elementor-widget-container\">\n\t\t\t\t\t\t\t<p>REF. 5001<\/p>\t\t\t\t\t\t<\/div>\n\t\t\t\t<\/div>\n\t\t\t\t<\/div>\n\t\t\t\t<div class=\"elementor-element elementor-element-ef23bcb elementor-widget elementor-widget-heading\" data-id=\"ef23bcb\" data-element_type=\"widget\" data-widget_type=\"heading.default\">\n\t\t\t\t<div class=\"elementor-widget-container\">\n\t\t\t<h2 class=\"elementor-heading-title elementor-size-default\">Impalement protection, chafing cut protection and eye protection<\/h2>\t\t<\/div>\n\t\t\t\t<\/div>\n\t\t\t\t<div class=\"elementor-element elementor-element-2891cf4 elementor-widget elementor-widget-text-editor\" data-id=\"2891cf4\" data-element_type=\"widget\" data-widget_type=\"text-editor.default\">\n\t\t\t\t<div class=\"elementor-widget-container\">\n\t\t\t\t\t\t\t<p>Anti-plugging protection (REF 5001). Quick and easy to attach. Maximum visibility. Reusable and recyclable product.<\/p>\t\t\t\t\t\t<\/div>\n\t\t\t\t<\/div>\n\t\t<div class=\"elementor-element elementor-element-6b2eb16 e-con-full e-flex e-con e-child\" data-id=\"6b2eb16\" data-element_type=\"container\">\n\t\t\t\t<div class=\"elementor-element elementor-element-4dc219e elementor-widget elementor-widget-text-editor\" data-id=\"4dc219e\" data-element_type=\"widget\" data-widget_type=\"text-editor.default\">\n\t\t\t\t<div class=\"elementor-widget-container\">\n\t\t\t\t\t\t\t<ul><li><strong>Protection anti-impalement (Ref.5001)<\/strong><\/li><li>1 metre<\/li><li>8-40 mm \/ #3 - #15<\/li><li>Pallet: 300 ud<\/li><\/ul>\t\t\t\t\t\t<\/div>\n\t\t\t\t<\/div>\n\t\t\t\t<div class=\"elementor-element elementor-element-301e982 elementor-widget elementor-widget-button\" data-id=\"301e982\" data-element_type=\"widget\" data-widget_type=\"button.default\">\n\t\t\t\t<div class=\"elementor-widget-container\">\n\t\t\t\t\t\t\t<div class=\"elementor-button-wrapper\">\n\t\t\t\t\t<a class=\"elementor-button elementor-button-link elementor-size-sm\" href=\"https:\/\/sip-europ.com\/wp-content\/uploads\/2026\/03\/2026-ficha-tecnica-SAFETY-EUROP-5001._compressed.pdf\" target=\"_blank\">\n\t\t\t\t\t\t<span class=\"elementor-button-content-wrapper\">\n\t\t\t\t\t\t\t\t\t<span class=\"elementor-button-text\">TECHNICAL<br> SHEET<br>5001<\/span>\n\t\t\t\t\t<\/span>\n\t\t\t\t\t<\/a>\n\t\t\t\t<\/div>\n\t\t\t\t\t\t<\/div>\n\t\t\t\t<\/div>\n\t\t\t\t<\/div>\n\t\t\t\t<\/div>\n\t\t\t\t\t<\/div>\n\t\t\t\t<\/div>\n\t\t<div class=\"elementor-element elementor-element-1098bf8 e-flex e-con-boxed e-con e-parent\" data-id=\"1098bf8\" data-element_type=\"container\">\n\t\t\t\t\t<div class=\"e-con-inner\">\n\t\t<div class=\"elementor-element elementor-element-1323af5 e-con-full e-flex e-con e-child\" data-id=\"1323af5\" data-element_type=\"container\">\n\t\t\t\t<div class=\"elementor-element elementor-element-cec40c1 elementor-widget elementor-widget-image\" data-id=\"cec40c1\" data-element_type=\"widget\" data-widget_type=\"image.default\">\n\t\t\t\t<div class=\"elementor-widget-container\">\n\t\t\t\t\t\t\t\t\t\t\t\t\t\t<a href=\"https:\/\/sip-europ.com\/wp-content\/uploads\/2024\/06\/IMG_8578.jpg\" data-elementor-open-lightbox=\"yes\" data-elementor-lightbox-title=\"IMG_8578\" data-e-action-hash=\"#elementor-action%3Aaction%3Dlightbox%26settings%3DeyJpZCI6MzI5MywidXJsIjoiaHR0cHM6XC9cL3NpcC1ldXJvcC5jb21cL3dwLWNvbnRlbnRcL3VwbG9hZHNcLzIwMjRcLzA2XC9JTUdfODU3OC5qcGcifQ%3D%3D\">\n\t\t\t\t\t\t\t<img fetchpriority=\"high\" decoding=\"async\" width=\"726\" height=\"968\" src=\"https:\/\/sip-europ.com\/wp-content\/uploads\/2024\/06\/IMG_8578.jpg\" class=\"attachment-large size-large wp-image-3293\" alt=\"\" srcset=\"https:\/\/sip-europ.com\/wp-content\/uploads\/2024\/06\/IMG_8578.jpg 726w, https:\/\/sip-europ.com\/wp-content\/uploads\/2024\/06\/IMG_8578-225x300.jpg 225w, https:\/\/sip-europ.com\/wp-content\/uploads\/2024\/06\/IMG_8578-600x800.jpg 600w\" sizes=\"(max-width: 726px) 100vw, 726px\" \/>\t\t\t\t\t\t\t\t<\/a>\n\t\t\t\t\t\t\t\t\t\t\t\t\t<\/div>\n\t\t\t\t<\/div>\n\t\t\t\t<\/div>\n\t\t<div class=\"elementor-element elementor-element-b232a63 e-con-full e-flex e-con e-child\" data-id=\"b232a63\" data-element_type=\"container\">\n\t\t\t\t<div class=\"elementor-element elementor-element-d618194 elementor-widget elementor-widget-image\" data-id=\"d618194\" data-element_type=\"widget\" data-widget_type=\"image.default\">\n\t\t\t\t<div class=\"elementor-widget-container\">\n\t\t\t\t\t\t\t\t\t\t\t\t\t\t<a href=\"https:\/\/sip-europ.com\/wp-content\/uploads\/2024\/06\/IMG_8982-scaled.jpg\" data-elementor-open-lightbox=\"yes\" data-elementor-lightbox-title=\"IMG_8982\" data-e-action-hash=\"#elementor-action%3Aaction%3Dlightbox%26settings%3DeyJpZCI6MzI5MSwidXJsIjoiaHR0cHM6XC9cL3NpcC1ldXJvcC5jb21cL3dwLWNvbnRlbnRcL3VwbG9hZHNcLzIwMjRcLzA2XC9JTUdfODk4Mi1zY2FsZWQuanBnIn0%3D\">\n\t\t\t\t\t\t\t<img decoding=\"async\" width=\"768\" height=\"1024\" src=\"https:\/\/sip-europ.com\/wp-content\/uploads\/2024\/06\/IMG_8982-768x1024.jpg\" class=\"attachment-large size-large wp-image-3291\" alt=\"\" srcset=\"https:\/\/sip-europ.com\/wp-content\/uploads\/2024\/06\/IMG_8982-768x1024.jpg 768w, https:\/\/sip-europ.com\/wp-content\/uploads\/2024\/06\/IMG_8982-225x300.jpg 225w, https:\/\/sip-europ.com\/wp-content\/uploads\/2024\/06\/IMG_8982-1152x1536.jpg 1152w, https:\/\/sip-europ.com\/wp-content\/uploads\/2024\/06\/IMG_8982-1536x2048.jpg 1536w, https:\/\/sip-europ.com\/wp-content\/uploads\/2024\/06\/IMG_8982-600x800.jpg 600w, https:\/\/sip-europ.com\/wp-content\/uploads\/2024\/06\/IMG_8982-scaled.jpg 1920w\" sizes=\"(max-width: 768px) 100vw, 768px\" \/>\t\t\t\t\t\t\t\t<\/a>\n\t\t\t\t\t\t\t\t\t\t\t\t\t<\/div>\n\t\t\t\t<\/div>\n\t\t\t\t<\/div>\n\t\t<div class=\"elementor-element elementor-element-09459c3 e-con-full e-flex e-con e-child\" data-id=\"09459c3\" data-element_type=\"container\">\n\t\t\t\t<div class=\"elementor-element elementor-element-13a878e elementor-widget elementor-widget-image\" data-id=\"13a878e\" data-element_type=\"widget\" data-widget_type=\"image.default\">\n\t\t\t\t<div class=\"elementor-widget-container\">\n\t\t\t\t\t\t\t\t\t\t\t\t\t\t<a href=\"https:\/\/sip-europ.com\/wp-content\/uploads\/2024\/06\/IMG_8592-scaled.jpg\" data-elementor-open-lightbox=\"yes\" data-elementor-lightbox-title=\"IMG_8592\" data-e-action-hash=\"#elementor-action%3Aaction%3Dlightbox%26settings%3DeyJpZCI6MzI5MiwidXJsIjoiaHR0cHM6XC9cL3NpcC1ldXJvcC5jb21cL3dwLWNvbnRlbnRcL3VwbG9hZHNcLzIwMjRcLzA2XC9JTUdfODU5Mi1zY2FsZWQuanBnIn0%3D\">\n\t\t\t\t\t\t\t<img decoding=\"async\" width=\"768\" height=\"1024\" src=\"https:\/\/sip-europ.com\/wp-content\/uploads\/2024\/06\/IMG_8592-768x1024.jpg\" class=\"attachment-large size-large wp-image-3292\" alt=\"\" srcset=\"https:\/\/sip-europ.com\/wp-content\/uploads\/2024\/06\/IMG_8592-768x1024.jpg 768w, https:\/\/sip-europ.com\/wp-content\/uploads\/2024\/06\/IMG_8592-225x300.jpg 225w, https:\/\/sip-europ.com\/wp-content\/uploads\/2024\/06\/IMG_8592-1152x1536.jpg 1152w, https:\/\/sip-europ.com\/wp-content\/uploads\/2024\/06\/IMG_8592-1536x2048.jpg 1536w, https:\/\/sip-europ.com\/wp-content\/uploads\/2024\/06\/IMG_8592-600x800.jpg 600w, https:\/\/sip-europ.com\/wp-content\/uploads\/2024\/06\/IMG_8592-scaled.jpg 1920w\" sizes=\"(max-width: 768px) 100vw, 768px\" \/>\t\t\t\t\t\t\t\t<\/a>\n\t\t\t\t\t\t\t\t\t\t\t\t\t<\/div>\n\t\t\t\t<\/div>\n\t\t\t\t<\/div>\n\t\t\t\t\t<\/div>\n\t\t\t\t<\/div>\n\t\t<div class=\"elementor-element elementor-element-769232e6 e-flex e-con-boxed e-con e-parent\" data-id=\"769232e6\" data-element_type=\"container\">\n\t\t\t\t\t<div class=\"e-con-inner\">\n\t\t\t\t<div class=\"elementor-element elementor-element-a7c7e43 elementor-widget elementor-widget-video\" data-id=\"a7c7e43\" data-element_type=\"widget\" data-settings=\"{&quot;youtube_url&quot;:&quot;https:\\\/\\\/www.youtube.com\\\/watch?v=NGJWZ1ukp9w&quot;,&quot;mute&quot;:&quot;yes&quot;,&quot;video_type&quot;:&quot;youtube&quot;}\" data-widget_type=\"video.default\">\n\t\t\t\t<div class=\"elementor-widget-container\">\n\t\t\t\t\t<div class=\"elementor-wrapper elementor-open-inline\">\n\t\t\t<div class=\"elementor-video\"><\/div>\t\t<\/div>\n\t\t\t\t<\/div>\n\t\t\t\t<\/div>\n\t\t\t\t\t<\/div>\n\t\t\t\t<\/div>\n\t\t\t\t<\/div>","protected":false},"excerpt":{"rendered":"<p>Safety Europ 1 metro REF. 5000 Protecci\u00f3n cortes por rozadura y protecci\u00f3n visual Protecci\u00f3n para cortes (REF 5000). R\u00e1pida y [&hellip;]<\/p>","protected":false},"author":1,"featured_media":0,"parent":0,"menu_order":0,"comment_status":"closed","ping_status":"closed","template":"","meta":{"site-sidebar-layout":"no-sidebar","site-content-layout":"page-builder","ast-site-content-layout":"full-width-container","site-content-style":"default","site-sidebar-style":"default","ast-global-header-display":"","ast-banner-title-visibility":"","ast-main-header-display":"","ast-hfb-above-header-display":"","ast-hfb-below-header-display":"","ast-hfb-mobile-header-display":"","site-post-title":"disabled","ast-breadcrumbs-content":"","ast-featured-img":"disabled","footer-sml-layout":"","theme-transparent-header-meta":"","adv-header-id-meta":"","stick-header-meta":"","header-above-stick-meta":"","header-main-stick-meta":"","header-below-stick-meta":"","astra-migrate-meta-layouts":"set","ast-page-background-enabled":"default","ast-page-background-meta":{"desktop":{"background-color":"","background-image":"","background-repeat":"repeat","background-position":"center center","background-size":"auto","background-attachment":"scroll","background-type":"","background-media":"","overlay-type":"","overlay-color":"","overlay-opacity":"","overlay-gradient":""},"tablet":{"background-color":"","background-image":"","background-repeat":"repeat","background-position":"center center","background-size":"auto","background-attachment":"scroll","background-type":"","background-media":"","overlay-type":"","overlay-color":"","overlay-opacity":"","overlay-gradient":""},"mobile":{"background-color":"","background-image":"","background-repeat":"repeat","background-position":"center center","background-size":"auto","background-attachment":"scroll","background-type":"","background-media":"","overlay-type":"","overlay-color":"","overlay-opacity":"","overlay-gradient":""}},"ast-content-background-meta":{"desktop":{"background-color":"var(--ast-global-color-5)","background-image":"","background-repeat":"repeat","background-position":"center center","background-size":"auto","background-attachment":"scroll","background-type":"","background-media":"","overlay-type":"","overlay-color":"","overlay-opacity":"","overlay-gradient":""},"tablet":{"background-color":"var(--ast-global-color-5)","background-image":"","background-repeat":"repeat","background-position":"center center","background-size":"auto","background-attachment":"scroll","background-type":"","background-media":"","overlay-type":"","overlay-color":"","overlay-opacity":"","overlay-gradient":""},"mobile":{"background-color":"var(--ast-global-color-5)","background-image":"","background-repeat":"repeat","background-position":"center center","background-size":"auto","background-attachment":"scroll","background-type":"","background-media":"","overlay-type":"","overlay-color":"","overlay-opacity":"","overlay-gradient":""}},"footnotes":""},"yoast_head":"<!-- This site is optimized with the Yoast SEO plugin v24.5 - https:\/\/yoast.com\/wordpress\/plugins\/seo\/ -->\n<title>Safety - Sip Europ<\/title>\n<meta name=\"robots\" content=\"index, follow, max-snippet:-1, max-image-preview:large, max-video-preview:-1\" \/>\n<link rel=\"canonical\" href=\"https:\/\/sip-europ.com\/en\/safety\/\" \/>\n<meta property=\"og:locale\" content=\"en_US\" \/>\n<meta property=\"og:type\" content=\"article\" \/>\n<meta property=\"og:title\" content=\"Safety - Sip Europ\" \/>\n<meta property=\"og:description\" content=\"Safety Europ 1 metro REF. 5000 Protecci\u00f3n cortes por rozadura y protecci\u00f3n visual Protecci\u00f3n para cortes (REF 5000). R\u00e1pida y [&hellip;]\" \/>\n<meta property=\"og:url\" content=\"https:\/\/sip-europ.com\/en\/safety\/\" \/>\n<meta property=\"og:site_name\" content=\"Sip Europ\" \/>\n<meta property=\"article:modified_time\" content=\"2026-03-12T10:02:55+00:00\" \/>\n<meta property=\"og:image\" content=\"https:\/\/sip-europ.com\/wp-content\/uploads\/2024\/06\/safety-5000.jpg\" \/>\n<meta name=\"twitter:card\" content=\"summary_large_image\" \/>\n<meta name=\"twitter:label1\" content=\"Est. reading time\" \/>\n\t<meta name=\"twitter:data1\" content=\"2 minutes\" \/>\n<script type=\"application\/ld+json\" class=\"yoast-schema-graph\">{\"@context\":\"https:\/\/schema.org\",\"@graph\":[{\"@type\":\"WebPage\",\"@id\":\"https:\/\/sip-europ.com\/safety\/\",\"url\":\"https:\/\/sip-europ.com\/safety\/\",\"name\":\"Safety - Sip Europ\",\"isPartOf\":{\"@id\":\"https:\/\/sip-europ.com\/#website\"},\"primaryImageOfPage\":{\"@id\":\"https:\/\/sip-europ.com\/safety\/#primaryimage\"},\"image\":{\"@id\":\"https:\/\/sip-europ.com\/safety\/#primaryimage\"},\"thumbnailUrl\":\"https:\/\/sip-europ.com\/wp-content\/uploads\/2024\/06\/safety-5000.jpg\",\"datePublished\":\"2024-06-18T10:40:10+00:00\",\"dateModified\":\"2026-03-12T10:02:55+00:00\",\"breadcrumb\":{\"@id\":\"https:\/\/sip-europ.com\/safety\/#breadcrumb\"},\"inLanguage\":\"en-US\",\"potentialAction\":[{\"@type\":\"ReadAction\",\"target\":[\"https:\/\/sip-europ.com\/safety\/\"]}]},{\"@type\":\"ImageObject\",\"inLanguage\":\"en-US\",\"@id\":\"https:\/\/sip-europ.com\/safety\/#primaryimage\",\"url\":\"https:\/\/sip-europ.com\/wp-content\/uploads\/2024\/06\/safety-5000.jpg\",\"contentUrl\":\"https:\/\/sip-europ.com\/wp-content\/uploads\/2024\/06\/safety-5000.jpg\"},{\"@type\":\"BreadcrumbList\",\"@id\":\"https:\/\/sip-europ.com\/safety\/#breadcrumb\",\"itemListElement\":[{\"@type\":\"ListItem\",\"position\":1,\"name\":\"Portada\",\"item\":\"https:\/\/sip-europ.com\/\"},{\"@type\":\"ListItem\",\"position\":2,\"name\":\"Safety\"}]},{\"@type\":\"WebSite\",\"@id\":\"https:\/\/sip-europ.com\/#website\",\"url\":\"https:\/\/sip-europ.com\/\",\"name\":\"Sip Europ - Setas protectoras antiempalamiento\",\"description\":\"Setas protectoras antiempalamiento y antirozadura para protecci\u00f3n del personal en obras e industria.\",\"publisher\":{\"@id\":\"https:\/\/sip-europ.com\/#organization\"},\"alternateName\":\"SipEurop\",\"potentialAction\":[{\"@type\":\"SearchAction\",\"target\":{\"@type\":\"EntryPoint\",\"urlTemplate\":\"https:\/\/sip-europ.com\/?s={search_term_string}\"},\"query-input\":{\"@type\":\"PropertyValueSpecification\",\"valueRequired\":true,\"valueName\":\"search_term_string\"}}],\"inLanguage\":\"en-US\"},{\"@type\":\"Organization\",\"@id\":\"https:\/\/sip-europ.com\/#organization\",\"name\":\"Sip Europ\",\"alternateName\":\"SipEurop\",\"url\":\"https:\/\/sip-europ.com\/\",\"logo\":{\"@type\":\"ImageObject\",\"inLanguage\":\"en-US\",\"@id\":\"https:\/\/sip-europ.com\/#\/schema\/logo\/image\/\",\"url\":\"https:\/\/sip-europ.com\/wp-content\/uploads\/2024\/04\/sip-europ-logo.png\",\"contentUrl\":\"https:\/\/sip-europ.com\/wp-content\/uploads\/2024\/04\/sip-europ-logo.png\",\"width\":4680,\"height\":1904,\"caption\":\"Sip Europ\"},\"image\":{\"@id\":\"https:\/\/sip-europ.com\/#\/schema\/logo\/image\/\"}}]}<\/script>\n<!-- \/ Yoast SEO plugin. -->","yoast_head_json":{"title":"Safety - Sip Europ","robots":{"index":"index","follow":"follow","max-snippet":"max-snippet:-1","max-image-preview":"max-image-preview:large","max-video-preview":"max-video-preview:-1"},"canonical":"https:\/\/sip-europ.com\/en\/safety\/","og_locale":"en_US","og_type":"article","og_title":"Safety - Sip Europ","og_description":"Safety Europ 1 metro REF. 5000 Protecci\u00f3n cortes por rozadura y protecci\u00f3n visual Protecci\u00f3n para cortes (REF 5000). R\u00e1pida y [&hellip;]","og_url":"https:\/\/sip-europ.com\/en\/safety\/","og_site_name":"Sip Europ","article_modified_time":"2026-03-12T10:02:55+00:00","og_image":[{"url":"https:\/\/sip-europ.com\/wp-content\/uploads\/2024\/06\/safety-5000.jpg","type":"","width":"","height":""}],"twitter_card":"summary_large_image","twitter_misc":{"Est. reading time":"2 minutes"},"schema":{"@context":"https:\/\/schema.org","@graph":[{"@type":"WebPage","@id":"https:\/\/sip-europ.com\/safety\/","url":"https:\/\/sip-europ.com\/safety\/","name":"Safety - Sip Europ","isPartOf":{"@id":"https:\/\/sip-europ.com\/#website"},"primaryImageOfPage":{"@id":"https:\/\/sip-europ.com\/safety\/#primaryimage"},"image":{"@id":"https:\/\/sip-europ.com\/safety\/#primaryimage"},"thumbnailUrl":"https:\/\/sip-europ.com\/wp-content\/uploads\/2024\/06\/safety-5000.jpg","datePublished":"2024-06-18T10:40:10+00:00","dateModified":"2026-03-12T10:02:55+00:00","breadcrumb":{"@id":"https:\/\/sip-europ.com\/safety\/#breadcrumb"},"inLanguage":"en-US","potentialAction":[{"@type":"ReadAction","target":["https:\/\/sip-europ.com\/safety\/"]}]},{"@type":"ImageObject","inLanguage":"en-US","@id":"https:\/\/sip-europ.com\/safety\/#primaryimage","url":"https:\/\/sip-europ.com\/wp-content\/uploads\/2024\/06\/safety-5000.jpg","contentUrl":"https:\/\/sip-europ.com\/wp-content\/uploads\/2024\/06\/safety-5000.jpg"},{"@type":"BreadcrumbList","@id":"https:\/\/sip-europ.com\/safety\/#breadcrumb","itemListElement":[{"@type":"ListItem","position":1,"name":"Portada","item":"https:\/\/sip-europ.com\/"},{"@type":"ListItem","position":2,"name":"Safety"}]},{"@type":"WebSite","@id":"https:\/\/sip-europ.com\/#website","url":"https:\/\/sip-europ.com\/","name":"Sip Europ - Setas protectoras antiempalamiento","description":"Setas protectoras antiempalamiento y antirozadura para protecci\u00f3n del personal en obras e industria.","publisher":{"@id":"https:\/\/sip-europ.com\/#organization"},"alternateName":"SipEurop","potentialAction":[{"@type":"SearchAction","target":{"@type":"EntryPoint","urlTemplate":"https:\/\/sip-europ.com\/?s={search_term_string}"},"query-input":{"@type":"PropertyValueSpecification","valueRequired":true,"valueName":"search_term_string"}}],"inLanguage":"en-US"},{"@type":"Organization","@id":"https:\/\/sip-europ.com\/#organization","name":"Sip Europ","alternateName":"SipEurop","url":"https:\/\/sip-europ.com\/","logo":{"@type":"ImageObject","inLanguage":"en-US","@id":"https:\/\/sip-europ.com\/#\/schema\/logo\/image\/","url":"https:\/\/sip-europ.com\/wp-content\/uploads\/2024\/04\/sip-europ-logo.png","contentUrl":"https:\/\/sip-europ.com\/wp-content\/uploads\/2024\/04\/sip-europ-logo.png","width":4680,"height":1904,"caption":"Sip Europ"},"image":{"@id":"https:\/\/sip-europ.com\/#\/schema\/logo\/image\/"}}]}},"_links":{"self":[{"href":"https:\/\/sip-europ.com\/en\/wp-json\/wp\/v2\/pages\/3260"}],"collection":[{"href":"https:\/\/sip-europ.com\/en\/wp-json\/wp\/v2\/pages"}],"about":[{"href":"https:\/\/sip-europ.com\/en\/wp-json\/wp\/v2\/types\/page"}],"author":[{"embeddable":true,"href":"https:\/\/sip-europ.com\/en\/wp-json\/wp\/v2\/users\/1"}],"replies":[{"embeddable":true,"href":"https:\/\/sip-europ.com\/en\/wp-json\/wp\/v2\/comments?post=3260"}],"version-history":[{"count":88,"href":"https:\/\/sip-europ.com\/en\/wp-json\/wp\/v2\/pages\/3260\/revisions"}],"predecessor-version":[{"id":4147,"href":"https:\/\/sip-europ.com\/en\/wp-json\/wp\/v2\/pages\/3260\/revisions\/4147"}],"wp:attachment":[{"href":"https:\/\/sip-europ.com\/en\/wp-json\/wp\/v2\/media?parent=3260"}],"curies":[{"name":"wp","href":"https:\/\/api.w.org\/{rel}","templated":true}]}}