{"id":3554,"date":"2024-06-20T10:31:00","date_gmt":"2024-06-20T10:31:00","guid":{"rendered":"https:\/\/sip-europ.com\/?page_id=3554"},"modified":"2026-03-12T11:27:05","modified_gmt":"2026-03-12T11:27:05","slug":"economic-plus-ref-10xx","status":"publish","type":"page","link":"https:\/\/sip-europ.com\/en\/economic-plus-ref-10xx\/","title":{"rendered":"Economic Plus Ref. 10XX"},"content":{"rendered":"<div data-elementor-type=\"wp-page\" data-elementor-id=\"3554\" class=\"elementor elementor-3554\" data-elementor-post-type=\"page\">\n\t\t\t\t<div class=\"elementor-element elementor-element-72738a43 e-flex e-con-boxed e-con e-parent\" data-id=\"72738a43\" data-element_type=\"container\">\n\t\t\t\t\t<div class=\"e-con-inner\">\n\t\t<div class=\"elementor-element elementor-element-2d389b49 e-con-full e-flex e-con e-child\" data-id=\"2d389b49\" data-element_type=\"container\">\n\t\t\t\t<div class=\"elementor-element elementor-element-4dfe6f45 elementor-arrows-position-inside elementor-pagination-position-outside elementor-widget elementor-widget-image-carousel\" data-id=\"4dfe6f45\" data-element_type=\"widget\" data-settings=\"{&quot;slides_to_show&quot;:&quot;1&quot;,&quot;navigation&quot;:&quot;both&quot;,&quot;autoplay&quot;:&quot;yes&quot;,&quot;pause_on_hover&quot;:&quot;yes&quot;,&quot;pause_on_interaction&quot;:&quot;yes&quot;,&quot;autoplay_speed&quot;:5000,&quot;infinite&quot;:&quot;yes&quot;,&quot;effect&quot;:&quot;slide&quot;,&quot;speed&quot;:500}\" data-widget_type=\"image-carousel.default\">\n\t\t\t\t<div class=\"elementor-widget-container\">\n\t\t\t\t\t<div class=\"elementor-image-carousel-wrapper swiper\" dir=\"ltr\">\n\t\t\t<div class=\"elementor-image-carousel swiper-wrapper\" aria-live=\"off\">\n\t\t\t\t\t\t\t\t<div class=\"swiper-slide\" role=\"group\" aria-roledescription=\"slide\" aria-label=\"1 of 1\"><figure class=\"swiper-slide-inner\"><img decoding=\"async\" class=\"swiper-slide-image\" src=\"https:\/\/sip-europ.com\/wp-content\/uploads\/2024\/06\/ECONOMIC-PLUS-SIP-EUROP.jpg\" alt=\"Seta protecci\u00f3n para obras Economic plus color rojo\" \/><\/figure><\/div>\t\t\t<\/div>\n\t\t\t\t\t<\/div>\n\t\t\t\t<\/div>\n\t\t\t\t<\/div>\n\t\t\t\t<\/div>\n\t\t<div class=\"elementor-element elementor-element-242420c4 e-con-full e-flex e-con e-child\" data-id=\"242420c4\" data-element_type=\"container\">\n\t\t<div class=\"elementor-element elementor-element-aa1cf95 e-con-full e-flex e-con e-child\" data-id=\"aa1cf95\" data-element_type=\"container\">\n\t\t\t\t<div class=\"elementor-element elementor-element-df9fe45 elementor-widget elementor-widget-heading\" data-id=\"df9fe45\" data-element_type=\"widget\" data-widget_type=\"heading.default\">\n\t\t\t\t<div class=\"elementor-widget-container\">\n\t\t\t<h1 class=\"elementor-heading-title elementor-size-default\">ECONOMIC PLUS<\/h1>\t\t<\/div>\n\t\t\t\t<\/div>\n\t\t\t\t<div class=\"elementor-element elementor-element-c6855b6 elementor-widget elementor-widget-text-editor\" data-id=\"c6855b6\" data-element_type=\"widget\" data-widget_type=\"text-editor.default\">\n\t\t\t\t<div class=\"elementor-widget-container\">\n\t\t\t\t\t\t\t<p>REF. 1080<\/p>\t\t\t\t\t\t<\/div>\n\t\t\t\t<\/div>\n\t\t\t\t<\/div>\n\t\t\t\t<div class=\"elementor-element elementor-element-db2fdb9 elementor-widget elementor-widget-heading\" data-id=\"db2fdb9\" data-element_type=\"widget\" data-widget_type=\"heading.default\">\n\t\t\t\t<div class=\"elementor-widget-container\">\n\t\t\t<h2 class=\"elementor-heading-title elementor-size-default\">Protection against cuts due to chafing and eye protection<\/h2>\t\t<\/div>\n\t\t\t\t<\/div>\n\t\t\t\t<div class=\"elementor-element elementor-element-6b3e51b1 elementor-widget elementor-widget-text-editor\" data-id=\"6b3e51b1\" data-element_type=\"widget\" data-widget_type=\"text-editor.default\">\n\t\t\t\t<div class=\"elementor-widget-container\">\n\t\t\t\t\t\t\t<p>Rebar caps cuts due to chafing. Quick and easy to attach with maximum visibility. Reusable and recyclable.<\/p>\t\t\t\t\t\t<\/div>\n\t\t\t\t<\/div>\n\t\t<div class=\"elementor-element elementor-element-62a38b5c e-flex e-con-boxed e-con e-child\" data-id=\"62a38b5c\" data-element_type=\"container\">\n\t\t\t\t\t<div class=\"e-con-inner\">\n\t\t\t\t<div class=\"elementor-element elementor-element-771b3102 elementor-widget elementor-widget-text-editor\" data-id=\"771b3102\" data-element_type=\"widget\" data-widget_type=\"text-editor.default\">\n\t\t\t\t<div class=\"elementor-widget-container\">\n\t\t\t\t\t\t\t<ul><li>Diameter: 20 - 36mm \/ #8 - #14<\/li><li>Bag: 300  ud.<\/li><li>Pallet: 20 bags (6000 ud)<\/li><\/ul>\t\t\t\t\t\t<\/div>\n\t\t\t\t<\/div>\n\t\t\t\t<div class=\"elementor-element elementor-element-42d7a232 elementor-widget elementor-widget-button\" data-id=\"42d7a232\" data-element_type=\"widget\" data-widget_type=\"button.default\">\n\t\t\t\t<div class=\"elementor-widget-container\">\n\t\t\t\t\t\t\t<div class=\"elementor-button-wrapper\">\n\t\t\t\t\t<a class=\"elementor-button elementor-button-link elementor-size-sm\" href=\"https:\/\/sip-europ.com\/wp-content\/uploads\/2026\/03\/2026-ficha-tecnica-ECONOMIC-PLUS-1080-1090_compressed.pdf\" target=\"_blank\">\n\t\t\t\t\t\t<span class=\"elementor-button-content-wrapper\">\n\t\t\t\t\t\t\t\t\t<span class=\"elementor-button-text\">TECHNICAL<br> SHEET<\/span>\n\t\t\t\t\t<\/span>\n\t\t\t\t\t<\/a>\n\t\t\t\t<\/div>\n\t\t\t\t\t\t<\/div>\n\t\t\t\t<\/div>\n\t\t\t\t\t<\/div>\n\t\t\t\t<\/div>\n\t\t<div class=\"elementor-element elementor-element-993e907 e-con-full e-flex e-con e-child\" data-id=\"993e907\" data-element_type=\"container\">\n\t\t\t\t<div class=\"elementor-element elementor-element-82c46d4 elementor-widget elementor-widget-heading\" data-id=\"82c46d4\" data-element_type=\"widget\" data-widget_type=\"heading.default\">\n\t\t\t\t<div class=\"elementor-widget-container\">\n\t\t\t<h1 class=\"elementor-heading-title elementor-size-default\">ECONOMIC PLUS<\/h1>\t\t<\/div>\n\t\t\t\t<\/div>\n\t\t\t\t<div class=\"elementor-element elementor-element-ad23e36 elementor-widget elementor-widget-text-editor\" data-id=\"ad23e36\" data-element_type=\"widget\" data-widget_type=\"text-editor.default\">\n\t\t\t\t<div class=\"elementor-widget-container\">\n\t\t\t\t\t\t\t<p>REF. 1090<\/p>\t\t\t\t\t\t<\/div>\n\t\t\t\t<\/div>\n\t\t\t\t<\/div>\n\t\t\t\t<div class=\"elementor-element elementor-element-7ca6cf5 elementor-widget elementor-widget-heading\" data-id=\"7ca6cf5\" data-element_type=\"widget\" data-widget_type=\"heading.default\">\n\t\t\t\t<div class=\"elementor-widget-container\">\n\t\t\t<h2 class=\"elementor-heading-title elementor-size-default\">Protection against cuts due to chafing and eye protection<\/h2>\t\t<\/div>\n\t\t\t\t<\/div>\n\t\t\t\t<div class=\"elementor-element elementor-element-4757f6a elementor-widget elementor-widget-text-editor\" data-id=\"4757f6a\" data-element_type=\"widget\" data-widget_type=\"text-editor.default\">\n\t\t\t\t<div class=\"elementor-widget-container\">\n\t\t\t\t\t\t\t<p>Rebar caps cuts due to chafing. Quick and easy to attach with maximum visibility. Reusable and recyclable.<\/p>\t\t\t\t\t\t<\/div>\n\t\t\t\t<\/div>\n\t\t\t\t<div class=\"elementor-element elementor-element-4db5fb0 elementor-widget elementor-widget-text-editor\" data-id=\"4db5fb0\" data-element_type=\"widget\" data-widget_type=\"text-editor.default\">\n\t\t\t\t<div class=\"elementor-widget-container\">\n\t\t\t\t\t\t\t<ul><li>Diameter: 32 - 50mm \/ #12 - #20<\/li><li>Bag: 250 ud.<\/li><li>Pallet: 24 bags (6000 ud)<\/li><\/ul>\t\t\t\t\t\t<\/div>\n\t\t\t\t<\/div>\n\t\t\t\t<\/div>\n\t\t\t\t\t<\/div>\n\t\t\t\t<\/div>\n\t\t<div class=\"elementor-element elementor-element-01817eb e-flex e-con-boxed e-con e-parent\" data-id=\"01817eb\" data-element_type=\"container\">\n\t\t\t\t\t<div class=\"e-con-inner\">\n\t\t<div class=\"elementor-element elementor-element-ba89fd6 e-con-full elementor-hidden-tablet elementor-hidden-mobile e-flex e-con e-child\" data-id=\"ba89fd6\" data-element_type=\"container\">\n\t\t\t\t<\/div>\n\t\t<div class=\"elementor-element elementor-element-b35775c e-con-full e-flex e-con e-child\" data-id=\"b35775c\" data-element_type=\"container\">\n\t\t\t\t<div class=\"elementor-element elementor-element-5752b58 elementor-widget elementor-widget-image\" data-id=\"5752b58\" data-element_type=\"widget\" data-widget_type=\"image.default\">\n\t\t\t\t<div class=\"elementor-widget-container\">\n\t\t\t\t\t\t\t\t\t\t\t\t\t\t<a href=\"https:\/\/sip-europ.com\/wp-content\/uploads\/2024\/06\/SETA-OBRAS-ROJA-ECONOMIC-LPUS-scaled.jpg\" data-elementor-open-lightbox=\"yes\" data-elementor-lightbox-title=\"SETA-OBRAS-ROJA-ECONOMIC-LPUS\" data-e-action-hash=\"#elementor-action%3Aaction%3Dlightbox%26settings%3DeyJpZCI6MzU0NCwidXJsIjoiaHR0cHM6XC9cL3NpcC1ldXJvcC5jb21cL3dwLWNvbnRlbnRcL3VwbG9hZHNcLzIwMjRcLzA2XC9TRVRBLU9CUkFTLVJPSkEtRUNPTk9NSUMtTFBVUy1zY2FsZWQuanBnIn0%3D\">\n\t\t\t\t\t\t\t<img fetchpriority=\"high\" decoding=\"async\" width=\"768\" height=\"1024\" src=\"https:\/\/sip-europ.com\/wp-content\/uploads\/2024\/06\/SETA-OBRAS-ROJA-ECONOMIC-LPUS-768x1024.jpg\" class=\"attachment-large size-large wp-image-3544\" alt=\"Seta protecci\u00f3n Economic plus color rojo\" srcset=\"https:\/\/sip-europ.com\/wp-content\/uploads\/2024\/06\/SETA-OBRAS-ROJA-ECONOMIC-LPUS-768x1024.jpg 768w, https:\/\/sip-europ.com\/wp-content\/uploads\/2024\/06\/SETA-OBRAS-ROJA-ECONOMIC-LPUS-225x300.jpg 225w, https:\/\/sip-europ.com\/wp-content\/uploads\/2024\/06\/SETA-OBRAS-ROJA-ECONOMIC-LPUS-1152x1536.jpg 1152w, https:\/\/sip-europ.com\/wp-content\/uploads\/2024\/06\/SETA-OBRAS-ROJA-ECONOMIC-LPUS-1536x2048.jpg 1536w, https:\/\/sip-europ.com\/wp-content\/uploads\/2024\/06\/SETA-OBRAS-ROJA-ECONOMIC-LPUS-600x800.jpg 600w, https:\/\/sip-europ.com\/wp-content\/uploads\/2024\/06\/SETA-OBRAS-ROJA-ECONOMIC-LPUS-scaled.jpg 1920w\" sizes=\"(max-width: 768px) 100vw, 768px\" \/>\t\t\t\t\t\t\t\t<\/a>\n\t\t\t\t\t\t\t\t\t\t\t\t\t<\/div>\n\t\t\t\t<\/div>\n\t\t\t\t<\/div>\n\t\t<div class=\"elementor-element elementor-element-b4c5e90 e-con-full e-flex e-con e-child\" data-id=\"b4c5e90\" data-element_type=\"container\">\n\t\t\t\t<div class=\"elementor-element elementor-element-1e10f1e elementor-widget elementor-widget-image\" data-id=\"1e10f1e\" data-element_type=\"widget\" data-widget_type=\"image.default\">\n\t\t\t\t<div class=\"elementor-widget-container\">\n\t\t\t\t\t\t\t\t\t\t\t\t\t\t<a href=\"https:\/\/sip-europ.com\/wp-content\/uploads\/2024\/06\/IMG_8985-scaled.jpg\" data-elementor-open-lightbox=\"yes\" data-elementor-lightbox-title=\"IMG_8985\" data-e-action-hash=\"#elementor-action%3Aaction%3Dlightbox%26settings%3DeyJpZCI6MzU3MywidXJsIjoiaHR0cHM6XC9cL3NpcC1ldXJvcC5jb21cL3dwLWNvbnRlbnRcL3VwbG9hZHNcLzIwMjRcLzA2XC9JTUdfODk4NS1zY2FsZWQuanBnIn0%3D\">\n\t\t\t\t\t\t\t<img decoding=\"async\" width=\"768\" height=\"1024\" src=\"https:\/\/sip-europ.com\/wp-content\/uploads\/2024\/06\/IMG_8985-768x1024.jpg\" class=\"attachment-large size-large wp-image-3573\" alt=\"Seta protecci\u00f3n para obras Economic plus color rojo\" srcset=\"https:\/\/sip-europ.com\/wp-content\/uploads\/2024\/06\/IMG_8985-768x1024.jpg 768w, https:\/\/sip-europ.com\/wp-content\/uploads\/2024\/06\/IMG_8985-225x300.jpg 225w, https:\/\/sip-europ.com\/wp-content\/uploads\/2024\/06\/IMG_8985-1152x1536.jpg 1152w, https:\/\/sip-europ.com\/wp-content\/uploads\/2024\/06\/IMG_8985-1536x2048.jpg 1536w, https:\/\/sip-europ.com\/wp-content\/uploads\/2024\/06\/IMG_8985-600x800.jpg 600w, https:\/\/sip-europ.com\/wp-content\/uploads\/2024\/06\/IMG_8985-scaled.jpg 1920w\" sizes=\"(max-width: 768px) 100vw, 768px\" \/>\t\t\t\t\t\t\t\t<\/a>\n\t\t\t\t\t\t\t\t\t\t\t\t\t<\/div>\n\t\t\t\t<\/div>\n\t\t\t\t<\/div>\n\t\t<div class=\"elementor-element elementor-element-291f87e e-con-full elementor-hidden-tablet elementor-hidden-mobile e-flex e-con e-child\" data-id=\"291f87e\" data-element_type=\"container\">\n\t\t\t\t<\/div>\n\t\t\t\t\t<\/div>\n\t\t\t\t<\/div>\n\t\t\t\t<\/div>","protected":false},"excerpt":{"rendered":"<p>ECONOMIC PLUS REF. 1080 Protecci\u00f3n cortes por rozadura y protecci\u00f3n visual Seta protecci\u00f3n cortes por rozadura. R\u00e1pida y f\u00e1cil fijaci\u00f3n [&hellip;]<\/p>","protected":false},"author":1,"featured_media":0,"parent":0,"menu_order":0,"comment_status":"closed","ping_status":"closed","template":"","meta":{"site-sidebar-layout":"no-sidebar","site-content-layout":"page-builder","ast-site-content-layout":"full-width-container","site-content-style":"default","site-sidebar-style":"default","ast-global-header-display":"","ast-banner-title-visibility":"","ast-main-header-display":"","ast-hfb-above-header-display":"","ast-hfb-below-header-display":"","ast-hfb-mobile-header-display":"","site-post-title":"disabled","ast-breadcrumbs-content":"","ast-featured-img":"disabled","footer-sml-layout":"","theme-transparent-header-meta":"","adv-header-id-meta":"","stick-header-meta":"","header-above-stick-meta":"","header-main-stick-meta":"","header-below-stick-meta":"","astra-migrate-meta-layouts":"set","ast-page-background-enabled":"default","ast-page-background-meta":{"desktop":{"background-color":"","background-image":"","background-repeat":"repeat","background-position":"center center","background-size":"auto","background-attachment":"scroll","background-type":"","background-media":"","overlay-type":"","overlay-color":"","overlay-opacity":"","overlay-gradient":""},"tablet":{"background-color":"","background-image":"","background-repeat":"repeat","background-position":"center center","background-size":"auto","background-attachment":"scroll","background-type":"","background-media":"","overlay-type":"","overlay-color":"","overlay-opacity":"","overlay-gradient":""},"mobile":{"background-color":"","background-image":"","background-repeat":"repeat","background-position":"center center","background-size":"auto","background-attachment":"scroll","background-type":"","background-media":"","overlay-type":"","overlay-color":"","overlay-opacity":"","overlay-gradient":""}},"ast-content-background-meta":{"desktop":{"background-color":"var(--ast-global-color-5)","background-image":"","background-repeat":"repeat","background-position":"center center","background-size":"auto","background-attachment":"scroll","background-type":"","background-media":"","overlay-type":"","overlay-color":"","overlay-opacity":"","overlay-gradient":""},"tablet":{"background-color":"var(--ast-global-color-5)","background-image":"","background-repeat":"repeat","background-position":"center center","background-size":"auto","background-attachment":"scroll","background-type":"","background-media":"","overlay-type":"","overlay-color":"","overlay-opacity":"","overlay-gradient":""},"mobile":{"background-color":"var(--ast-global-color-5)","background-image":"","background-repeat":"repeat","background-position":"center center","background-size":"auto","background-attachment":"scroll","background-type":"","background-media":"","overlay-type":"","overlay-color":"","overlay-opacity":"","overlay-gradient":""}},"footnotes":""},"yoast_head":"<!-- This site is optimized with the Yoast SEO plugin v24.5 - https:\/\/yoast.com\/wordpress\/plugins\/seo\/ -->\n<title>Economic Plus Ref. 10XX - Sip Europ<\/title>\n<meta name=\"robots\" content=\"index, follow, max-snippet:-1, max-image-preview:large, max-video-preview:-1\" \/>\n<link rel=\"canonical\" href=\"https:\/\/sip-europ.com\/en\/economic-plus-ref-10xx\/\" \/>\n<meta property=\"og:locale\" content=\"en_US\" \/>\n<meta property=\"og:type\" content=\"article\" \/>\n<meta property=\"og:title\" content=\"Economic Plus Ref. 10XX - Sip Europ\" \/>\n<meta property=\"og:description\" content=\"ECONOMIC PLUS REF. 1080 Protecci\u00f3n cortes por rozadura y protecci\u00f3n visual Seta protecci\u00f3n cortes por rozadura. R\u00e1pida y f\u00e1cil fijaci\u00f3n [&hellip;]\" \/>\n<meta property=\"og:url\" content=\"https:\/\/sip-europ.com\/en\/economic-plus-ref-10xx\/\" \/>\n<meta property=\"og:site_name\" content=\"Sip Europ\" \/>\n<meta property=\"article:modified_time\" content=\"2026-03-12T11:27:05+00:00\" \/>\n<meta property=\"og:image\" content=\"https:\/\/sip-europ.com\/wp-content\/uploads\/2024\/06\/ECONOMIC-PLUS-SIP-EUROP.jpg\" \/>\n<meta name=\"twitter:card\" content=\"summary_large_image\" \/>\n<meta name=\"twitter:label1\" content=\"Est. reading time\" \/>\n\t<meta name=\"twitter:data1\" content=\"1 minute\" \/>\n<script type=\"application\/ld+json\" class=\"yoast-schema-graph\">{\"@context\":\"https:\/\/schema.org\",\"@graph\":[{\"@type\":\"WebPage\",\"@id\":\"https:\/\/sip-europ.com\/economic-plus-ref-10xx\/\",\"url\":\"https:\/\/sip-europ.com\/economic-plus-ref-10xx\/\",\"name\":\"Economic Plus Ref. 10XX - Sip Europ\",\"isPartOf\":{\"@id\":\"https:\/\/sip-europ.com\/#website\"},\"primaryImageOfPage\":{\"@id\":\"https:\/\/sip-europ.com\/economic-plus-ref-10xx\/#primaryimage\"},\"image\":{\"@id\":\"https:\/\/sip-europ.com\/economic-plus-ref-10xx\/#primaryimage\"},\"thumbnailUrl\":\"https:\/\/sip-europ.com\/wp-content\/uploads\/2024\/06\/ECONOMIC-PLUS-SIP-EUROP.jpg\",\"datePublished\":\"2024-06-20T10:31:00+00:00\",\"dateModified\":\"2026-03-12T11:27:05+00:00\",\"breadcrumb\":{\"@id\":\"https:\/\/sip-europ.com\/economic-plus-ref-10xx\/#breadcrumb\"},\"inLanguage\":\"en-US\",\"potentialAction\":[{\"@type\":\"ReadAction\",\"target\":[\"https:\/\/sip-europ.com\/economic-plus-ref-10xx\/\"]}]},{\"@type\":\"ImageObject\",\"inLanguage\":\"en-US\",\"@id\":\"https:\/\/sip-europ.com\/economic-plus-ref-10xx\/#primaryimage\",\"url\":\"https:\/\/sip-europ.com\/wp-content\/uploads\/2024\/06\/ECONOMIC-PLUS-SIP-EUROP.jpg\",\"contentUrl\":\"https:\/\/sip-europ.com\/wp-content\/uploads\/2024\/06\/ECONOMIC-PLUS-SIP-EUROP.jpg\"},{\"@type\":\"BreadcrumbList\",\"@id\":\"https:\/\/sip-europ.com\/economic-plus-ref-10xx\/#breadcrumb\",\"itemListElement\":[{\"@type\":\"ListItem\",\"position\":1,\"name\":\"Portada\",\"item\":\"https:\/\/sip-europ.com\/\"},{\"@type\":\"ListItem\",\"position\":2,\"name\":\"Economic Plus Ref. 10XX\"}]},{\"@type\":\"WebSite\",\"@id\":\"https:\/\/sip-europ.com\/#website\",\"url\":\"https:\/\/sip-europ.com\/\",\"name\":\"Sip Europ - Setas protectoras antiempalamiento\",\"description\":\"Setas protectoras antiempalamiento y antirozadura para protecci\u00f3n del personal en obras e industria.\",\"publisher\":{\"@id\":\"https:\/\/sip-europ.com\/#organization\"},\"alternateName\":\"SipEurop\",\"potentialAction\":[{\"@type\":\"SearchAction\",\"target\":{\"@type\":\"EntryPoint\",\"urlTemplate\":\"https:\/\/sip-europ.com\/?s={search_term_string}\"},\"query-input\":{\"@type\":\"PropertyValueSpecification\",\"valueRequired\":true,\"valueName\":\"search_term_string\"}}],\"inLanguage\":\"en-US\"},{\"@type\":\"Organization\",\"@id\":\"https:\/\/sip-europ.com\/#organization\",\"name\":\"Sip Europ\",\"alternateName\":\"SipEurop\",\"url\":\"https:\/\/sip-europ.com\/\",\"logo\":{\"@type\":\"ImageObject\",\"inLanguage\":\"en-US\",\"@id\":\"https:\/\/sip-europ.com\/#\/schema\/logo\/image\/\",\"url\":\"https:\/\/sip-europ.com\/wp-content\/uploads\/2024\/04\/sip-europ-logo.png\",\"contentUrl\":\"https:\/\/sip-europ.com\/wp-content\/uploads\/2024\/04\/sip-europ-logo.png\",\"width\":4680,\"height\":1904,\"caption\":\"Sip Europ\"},\"image\":{\"@id\":\"https:\/\/sip-europ.com\/#\/schema\/logo\/image\/\"}}]}<\/script>\n<!-- \/ Yoast SEO plugin. -->","yoast_head_json":{"title":"Economic Plus Ref. 10XX - Sip Europ","robots":{"index":"index","follow":"follow","max-snippet":"max-snippet:-1","max-image-preview":"max-image-preview:large","max-video-preview":"max-video-preview:-1"},"canonical":"https:\/\/sip-europ.com\/en\/economic-plus-ref-10xx\/","og_locale":"en_US","og_type":"article","og_title":"Economic Plus Ref. 10XX - Sip Europ","og_description":"ECONOMIC PLUS REF. 1080 Protecci\u00f3n cortes por rozadura y protecci\u00f3n visual Seta protecci\u00f3n cortes por rozadura. R\u00e1pida y f\u00e1cil fijaci\u00f3n [&hellip;]","og_url":"https:\/\/sip-europ.com\/en\/economic-plus-ref-10xx\/","og_site_name":"Sip Europ","article_modified_time":"2026-03-12T11:27:05+00:00","og_image":[{"url":"https:\/\/sip-europ.com\/wp-content\/uploads\/2024\/06\/ECONOMIC-PLUS-SIP-EUROP.jpg","type":"","width":"","height":""}],"twitter_card":"summary_large_image","twitter_misc":{"Est. reading time":"1 minute"},"schema":{"@context":"https:\/\/schema.org","@graph":[{"@type":"WebPage","@id":"https:\/\/sip-europ.com\/economic-plus-ref-10xx\/","url":"https:\/\/sip-europ.com\/economic-plus-ref-10xx\/","name":"Economic Plus Ref. 10XX - Sip Europ","isPartOf":{"@id":"https:\/\/sip-europ.com\/#website"},"primaryImageOfPage":{"@id":"https:\/\/sip-europ.com\/economic-plus-ref-10xx\/#primaryimage"},"image":{"@id":"https:\/\/sip-europ.com\/economic-plus-ref-10xx\/#primaryimage"},"thumbnailUrl":"https:\/\/sip-europ.com\/wp-content\/uploads\/2024\/06\/ECONOMIC-PLUS-SIP-EUROP.jpg","datePublished":"2024-06-20T10:31:00+00:00","dateModified":"2026-03-12T11:27:05+00:00","breadcrumb":{"@id":"https:\/\/sip-europ.com\/economic-plus-ref-10xx\/#breadcrumb"},"inLanguage":"en-US","potentialAction":[{"@type":"ReadAction","target":["https:\/\/sip-europ.com\/economic-plus-ref-10xx\/"]}]},{"@type":"ImageObject","inLanguage":"en-US","@id":"https:\/\/sip-europ.com\/economic-plus-ref-10xx\/#primaryimage","url":"https:\/\/sip-europ.com\/wp-content\/uploads\/2024\/06\/ECONOMIC-PLUS-SIP-EUROP.jpg","contentUrl":"https:\/\/sip-europ.com\/wp-content\/uploads\/2024\/06\/ECONOMIC-PLUS-SIP-EUROP.jpg"},{"@type":"BreadcrumbList","@id":"https:\/\/sip-europ.com\/economic-plus-ref-10xx\/#breadcrumb","itemListElement":[{"@type":"ListItem","position":1,"name":"Portada","item":"https:\/\/sip-europ.com\/"},{"@type":"ListItem","position":2,"name":"Economic Plus Ref. 10XX"}]},{"@type":"WebSite","@id":"https:\/\/sip-europ.com\/#website","url":"https:\/\/sip-europ.com\/","name":"Sip Europ - Setas protectoras antiempalamiento","description":"Setas protectoras antiempalamiento y antirozadura para protecci\u00f3n del personal en obras e industria.","publisher":{"@id":"https:\/\/sip-europ.com\/#organization"},"alternateName":"SipEurop","potentialAction":[{"@type":"SearchAction","target":{"@type":"EntryPoint","urlTemplate":"https:\/\/sip-europ.com\/?s={search_term_string}"},"query-input":{"@type":"PropertyValueSpecification","valueRequired":true,"valueName":"search_term_string"}}],"inLanguage":"en-US"},{"@type":"Organization","@id":"https:\/\/sip-europ.com\/#organization","name":"Sip Europ","alternateName":"SipEurop","url":"https:\/\/sip-europ.com\/","logo":{"@type":"ImageObject","inLanguage":"en-US","@id":"https:\/\/sip-europ.com\/#\/schema\/logo\/image\/","url":"https:\/\/sip-europ.com\/wp-content\/uploads\/2024\/04\/sip-europ-logo.png","contentUrl":"https:\/\/sip-europ.com\/wp-content\/uploads\/2024\/04\/sip-europ-logo.png","width":4680,"height":1904,"caption":"Sip Europ"},"image":{"@id":"https:\/\/sip-europ.com\/#\/schema\/logo\/image\/"}}]}},"_links":{"self":[{"href":"https:\/\/sip-europ.com\/en\/wp-json\/wp\/v2\/pages\/3554"}],"collection":[{"href":"https:\/\/sip-europ.com\/en\/wp-json\/wp\/v2\/pages"}],"about":[{"href":"https:\/\/sip-europ.com\/en\/wp-json\/wp\/v2\/types\/page"}],"author":[{"embeddable":true,"href":"https:\/\/sip-europ.com\/en\/wp-json\/wp\/v2\/users\/1"}],"replies":[{"embeddable":true,"href":"https:\/\/sip-europ.com\/en\/wp-json\/wp\/v2\/comments?post=3554"}],"version-history":[{"count":34,"href":"https:\/\/sip-europ.com\/en\/wp-json\/wp\/v2\/pages\/3554\/revisions"}],"predecessor-version":[{"id":4158,"href":"https:\/\/sip-europ.com\/en\/wp-json\/wp\/v2\/pages\/3554\/revisions\/4158"}],"wp:attachment":[{"href":"https:\/\/sip-europ.com\/en\/wp-json\/wp\/v2\/media?parent=3554"}],"curies":[{"name":"wp","href":"https:\/\/api.w.org\/{rel}","templated":true}]}}