{"id":4047,"date":"2024-10-24T09:15:47","date_gmt":"2024-10-24T09:15:47","guid":{"rendered":"https:\/\/sip-europ.com\/?page_id=4047"},"modified":"2024-11-06T12:55:32","modified_gmt":"2024-11-06T12:55:32","slug":"blog","status":"publish","type":"page","link":"https:\/\/sip-europ.com\/en\/blog\/","title":{"rendered":"Blog"},"content":{"rendered":"<div data-elementor-type=\"wp-page\" data-elementor-id=\"4047\" class=\"elementor elementor-4047\" data-elementor-post-type=\"page\">\n\t\t\t\t<div class=\"elementor-element elementor-element-80f1b66 e-flex e-con-boxed e-con e-parent\" data-id=\"80f1b66\" data-element_type=\"container\">\n\t\t\t\t\t<div class=\"e-con-inner\">\n\t\t\t\t<div class=\"elementor-element elementor-element-7b04566 elementor-widget elementor-widget-heading\" data-id=\"7b04566\" data-element_type=\"widget\" data-widget_type=\"heading.default\">\n\t\t\t\t<div class=\"elementor-widget-container\">\n\t\t\t<h1 class=\"elementor-heading-title elementor-size-default\">Welcome<\/h1>\t\t<\/div>\n\t\t\t\t<\/div>\n\t\t\t\t<div class=\"elementor-element elementor-element-5cfbb57 elementor-grid-3 elementor-grid-tablet-2 elementor-grid-mobile-1 elementor-posts--thumbnail-top elementor-widget elementor-widget-posts\" data-id=\"5cfbb57\" data-element_type=\"widget\" data-settings=\"{&quot;classic_columns&quot;:&quot;3&quot;,&quot;classic_columns_tablet&quot;:&quot;2&quot;,&quot;classic_columns_mobile&quot;:&quot;1&quot;,&quot;classic_row_gap&quot;:{&quot;unit&quot;:&quot;px&quot;,&quot;size&quot;:35,&quot;sizes&quot;:[]},&quot;classic_row_gap_tablet&quot;:{&quot;unit&quot;:&quot;px&quot;,&quot;size&quot;:&quot;&quot;,&quot;sizes&quot;:[]},&quot;classic_row_gap_mobile&quot;:{&quot;unit&quot;:&quot;px&quot;,&quot;size&quot;:&quot;&quot;,&quot;sizes&quot;:[]}}\" data-widget_type=\"posts.classic\">\n\t\t\t\t<div class=\"elementor-widget-container\">\n\t\t\t\t\t<div class=\"elementor-posts-container elementor-posts elementor-posts--skin-classic elementor-grid\">\n\t\t\t\t<article class=\"elementor-post elementor-grid-item post-4103 post type-post status-publish format-standard has-post-thumbnail hentry category-uncategorized\">\n\t\t\t\t<a class=\"elementor-post__thumbnail__link\" href=\"https:\/\/sip-europ.com\/en\/descubre-safety-europ-la-mejor-solucion-en-seguridad-industrial-y-construccion\/\" tabindex=\"-1\" >\n\t\t\t<div class=\"elementor-post__thumbnail\"><img fetchpriority=\"high\" decoding=\"async\" width=\"225\" height=\"300\" src=\"https:\/\/sip-europ.com\/wp-content\/uploads\/2024\/06\/IMG_8578-225x300.jpg\" class=\"attachment-medium size-medium wp-image-3293\" alt=\"\" srcset=\"https:\/\/sip-europ.com\/wp-content\/uploads\/2024\/06\/IMG_8578-225x300.jpg 225w, https:\/\/sip-europ.com\/wp-content\/uploads\/2024\/06\/IMG_8578-600x800.jpg 600w, https:\/\/sip-europ.com\/wp-content\/uploads\/2024\/06\/IMG_8578.jpg 726w\" sizes=\"(max-width: 225px) 100vw, 225px\" \/><\/div>\n\t\t<\/a>\n\t\t\t\t<div class=\"elementor-post__text\">\n\t\t\t\t<h3 class=\"elementor-post__title\">\n\t\t\t<a href=\"https:\/\/sip-europ.com\/en\/descubre-safety-europ-la-mejor-solucion-en-seguridad-industrial-y-construccion\/\" >\n\t\t\t\tDiscover Safety Europ, the best solution for industrial and construction safety\t\t\t<\/a>\n\t\t<\/h3>\n\t\t\t\t<div class=\"elementor-post__meta-data\">\n\t\t\t\t\t<span class=\"elementor-post-date\">\n\t\t\tMarch 6, 2025\t\t<\/span>\n\t\t\t\t<span class=\"elementor-post-avatar\">\n\t\t\tNo Comments\t\t<\/span>\n\t\t\t\t<\/div>\n\t\t\t\t<div class=\"elementor-post__excerpt\">\n\t\t\t<p>Safety Europ 5000 is an essential device in the industry and construction sector, designed to ensure safety on construction sites by protecting<\/p>\n\t\t<\/div>\n\t\t\n\t\t<a class=\"elementor-post__read-more\" href=\"https:\/\/sip-europ.com\/en\/descubre-safety-europ-la-mejor-solucion-en-seguridad-industrial-y-construccion\/\" aria-label=\"Read more about Descubre Safety Europ, la mejor soluci\u00f3n en seguridad industrial y construcci\u00f3n\" tabindex=\"-1\" >\n\t\t\tRead more \u00bb\t\t<\/a>\n\n\t\t\t\t<\/div>\n\t\t\t\t<\/article>\n\t\t\t\t<article class=\"elementor-post elementor-grid-item post-4095 post type-post status-publish format-standard has-post-thumbnail hentry category-uncategorized\">\n\t\t\t\t<a class=\"elementor-post__thumbnail__link\" href=\"https:\/\/sip-europ.com\/en\/os-presentamos-maxima-multifuncion-la-innovacion-de-las-setas-protectoras\/\" tabindex=\"-1\" >\n\t\t\t<div class=\"elementor-post__thumbnail\"><img decoding=\"async\" width=\"225\" height=\"300\" src=\"https:\/\/sip-europ.com\/wp-content\/uploads\/2024\/06\/maxima-multifuncion-1-225x300.jpg\" class=\"attachment-medium size-medium wp-image-3390\" alt=\"M\u00e1xima multifunci\u00f3n\" srcset=\"https:\/\/sip-europ.com\/wp-content\/uploads\/2024\/06\/maxima-multifuncion-1-225x300.jpg 225w, https:\/\/sip-europ.com\/wp-content\/uploads\/2024\/06\/maxima-multifuncion-1-766x1024.jpg 766w, https:\/\/sip-europ.com\/wp-content\/uploads\/2024\/06\/maxima-multifuncion-1-768x1026.jpg 768w, https:\/\/sip-europ.com\/wp-content\/uploads\/2024\/06\/maxima-multifuncion-1-600x802.jpg 600w, https:\/\/sip-europ.com\/wp-content\/uploads\/2024\/06\/maxima-multifuncion-1.jpg 800w\" sizes=\"(max-width: 225px) 100vw, 225px\" \/><\/div>\n\t\t<\/a>\n\t\t\t\t<div class=\"elementor-post__text\">\n\t\t\t\t<h3 class=\"elementor-post__title\">\n\t\t\t<a href=\"https:\/\/sip-europ.com\/en\/os-presentamos-maxima-multifuncion-la-innovacion-de-las-setas-protectoras\/\" >\n\t\t\t\tIntroducing: Maxima multifunction, the innovation of rebar caps\t\t\t<\/a>\n\t\t<\/h3>\n\t\t\t\t<div class=\"elementor-post__meta-data\">\n\t\t\t\t\t<span class=\"elementor-post-date\">\n\t\t\tFebruary 5, 2025\t\t<\/span>\n\t\t\t\t<span class=\"elementor-post-avatar\">\n\t\t\tNo Comments\t\t<\/span>\n\t\t\t\t<\/div>\n\t\t\t\t<div class=\"elementor-post__excerpt\">\n\t\t\t<p>Introducing: Maxima multifunction, the innovation in rebar caps. The Maxima Multifunction Rebar Caps (Ref. 900) from SIP Europ, is a comprehensive solution designed to<\/p>\n\t\t<\/div>\n\t\t\n\t\t<a class=\"elementor-post__read-more\" href=\"https:\/\/sip-europ.com\/en\/os-presentamos-maxima-multifuncion-la-innovacion-de-las-setas-protectoras\/\" aria-label=\"Read more about Os presentamos: M\u00e1xima multifunci\u00f3n, la innovaci\u00f3n de las setas protectoras\" tabindex=\"-1\" >\n\t\t\tRead more \u00bb\t\t<\/a>\n\n\t\t\t\t<\/div>\n\t\t\t\t<\/article>\n\t\t\t\t<article class=\"elementor-post elementor-grid-item post-4093 post type-post status-publish format-standard has-post-thumbnail hentry category-uncategorized\">\n\t\t\t\t<a class=\"elementor-post__thumbnail__link\" href=\"https:\/\/sip-europ.com\/en\/setas-protectoras-la-evolucion-de-las-medidas-de-seguridad-en-la-construccion\/\" tabindex=\"-1\" >\n\t\t\t<div class=\"elementor-post__thumbnail\"><img decoding=\"async\" width=\"300\" height=\"112\" src=\"https:\/\/sip-europ.com\/wp-content\/uploads\/2024\/06\/seta-antiempalamiento-obras-sip-europ-salva-vidas-300x112.png\" class=\"attachment-medium size-medium wp-image-3029\" alt=\"seta antiempalamiento para construcciones\" srcset=\"https:\/\/sip-europ.com\/wp-content\/uploads\/2024\/06\/seta-antiempalamiento-obras-sip-europ-salva-vidas-300x112.png 300w, https:\/\/sip-europ.com\/wp-content\/uploads\/2024\/06\/seta-antiempalamiento-obras-sip-europ-salva-vidas-1024x381.png 1024w, https:\/\/sip-europ.com\/wp-content\/uploads\/2024\/06\/seta-antiempalamiento-obras-sip-europ-salva-vidas-768x286.png 768w, https:\/\/sip-europ.com\/wp-content\/uploads\/2024\/06\/seta-antiempalamiento-obras-sip-europ-salva-vidas-1536x572.png 1536w, https:\/\/sip-europ.com\/wp-content\/uploads\/2024\/06\/seta-antiempalamiento-obras-sip-europ-salva-vidas-600x223.png 600w, https:\/\/sip-europ.com\/wp-content\/uploads\/2024\/06\/seta-antiempalamiento-obras-sip-europ-salva-vidas.png 1920w\" sizes=\"(max-width: 300px) 100vw, 300px\" \/><\/div>\n\t\t<\/a>\n\t\t\t\t<div class=\"elementor-post__text\">\n\t\t\t\t<h3 class=\"elementor-post__title\">\n\t\t\t<a href=\"https:\/\/sip-europ.com\/en\/setas-protectoras-la-evolucion-de-las-medidas-de-seguridad-en-la-construccion\/\" >\n\t\t\t\tRebar caps: the evolution of safety measures in the construction industry\t\t\t<\/a>\n\t\t<\/h3>\n\t\t\t\t<div class=\"elementor-post__meta-data\">\n\t\t\t\t\t<span class=\"elementor-post-date\">\n\t\t\tJanuary 24, 2025\t\t<\/span>\n\t\t\t\t<span class=\"elementor-post-avatar\">\n\t\t\tNo Comments\t\t<\/span>\n\t\t\t\t<\/div>\n\t\t\t\t<div class=\"elementor-post__excerpt\">\n\t\t\t<p>Throughout history, safety in the construction industry has evolved significantly, from rudimentary practices to the implementation of<\/p>\n\t\t<\/div>\n\t\t\n\t\t<a class=\"elementor-post__read-more\" href=\"https:\/\/sip-europ.com\/en\/setas-protectoras-la-evolucion-de-las-medidas-de-seguridad-en-la-construccion\/\" aria-label=\"Read more about Setas protectoras: \u00a0la evoluci\u00f3n de las medidas de seguridad en la construcci\u00f3n\" tabindex=\"-1\" >\n\t\t\tRead more \u00bb\t\t<\/a>\n\n\t\t\t\t<\/div>\n\t\t\t\t<\/article>\n\t\t\t\t<article class=\"elementor-post elementor-grid-item post-4089 post type-post status-publish format-standard has-post-thumbnail hentry category-uncategorized\">\n\t\t\t\t<a class=\"elementor-post__thumbnail__link\" href=\"https:\/\/sip-europ.com\/en\/guia-para-elegir-setas-protectoras-segun-el-diametro-del-hierro\/\" tabindex=\"-1\" >\n\t\t\t<div class=\"elementor-post__thumbnail\"><img loading=\"lazy\" decoding=\"async\" width=\"300\" height=\"169\" src=\"https:\/\/sip-europ.com\/wp-content\/uploads\/2024\/04\/setas-amtiempalamiento-sip-europ-300x169.jpeg\" class=\"attachment-medium size-medium wp-image-2517\" alt=\"seguridad en obras con setas antiempalamiento - Schutzkappe f\u00fcr Armierungseisen\" srcset=\"https:\/\/sip-europ.com\/wp-content\/uploads\/2024\/04\/setas-amtiempalamiento-sip-europ-300x169.jpeg 300w, https:\/\/sip-europ.com\/wp-content\/uploads\/2024\/04\/setas-amtiempalamiento-sip-europ-600x338.jpeg 600w, https:\/\/sip-europ.com\/wp-content\/uploads\/2024\/04\/setas-amtiempalamiento-sip-europ-1024x576.jpeg 1024w, https:\/\/sip-europ.com\/wp-content\/uploads\/2024\/04\/setas-amtiempalamiento-sip-europ-768x432.jpeg 768w, https:\/\/sip-europ.com\/wp-content\/uploads\/2024\/04\/setas-amtiempalamiento-sip-europ-1536x864.jpeg 1536w, https:\/\/sip-europ.com\/wp-content\/uploads\/2024\/04\/setas-amtiempalamiento-sip-europ.jpeg 1600w\" sizes=\"(max-width: 300px) 100vw, 300px\" \/><\/div>\n\t\t<\/a>\n\t\t\t\t<div class=\"elementor-post__text\">\n\t\t\t\t<h3 class=\"elementor-post__title\">\n\t\t\t<a href=\"https:\/\/sip-europ.com\/en\/guia-para-elegir-setas-protectoras-segun-el-diametro-del-hierro\/\" >\n\t\t\t\tGuide to choosing rebar caps according to iron diameter\t\t\t<\/a>\n\t\t<\/h3>\n\t\t\t\t<div class=\"elementor-post__meta-data\">\n\t\t\t\t\t<span class=\"elementor-post-date\">\n\t\t\tDecember 24, 2024\t\t<\/span>\n\t\t\t\t<span class=\"elementor-post-avatar\">\n\t\t\tNo Comments\t\t<\/span>\n\t\t\t\t<\/div>\n\t\t\t\t<div class=\"elementor-post__excerpt\">\n\t\t\t<p>In the world of construction and industry, safety is a non-negotiable priority. One of the most effective tools to prevent accidents, especially in the construction and industrial sectors, is to<\/p>\n\t\t<\/div>\n\t\t\n\t\t<a class=\"elementor-post__read-more\" href=\"https:\/\/sip-europ.com\/en\/guia-para-elegir-setas-protectoras-segun-el-diametro-del-hierro\/\" aria-label=\"Read more about Gu\u00eda para elegir setas protectoras seg\u00fan el di\u00e1metro del hierro\" tabindex=\"-1\" >\n\t\t\tRead more \u00bb\t\t<\/a>\n\n\t\t\t\t<\/div>\n\t\t\t\t<\/article>\n\t\t\t\t<article class=\"elementor-post elementor-grid-item post-4032 post type-post status-publish format-standard has-post-thumbnail hentry category-uncategorized\">\n\t\t\t\t<a class=\"elementor-post__thumbnail__link\" href=\"https:\/\/sip-europ.com\/en\/setas-protectoras-antiempalamiento-beneficios-y-seguridad\/\" tabindex=\"-1\" >\n\t\t\t<div class=\"elementor-post__thumbnail\"><img loading=\"lazy\" decoding=\"async\" width=\"300\" height=\"200\" src=\"https:\/\/sip-europ.com\/wp-content\/uploads\/2024\/10\/SIP-EUROP-2015-1-300x200.jpg\" class=\"attachment-medium size-medium wp-image-4033\" alt=\"seta protectora antiempalamiento\" srcset=\"https:\/\/sip-europ.com\/wp-content\/uploads\/2024\/10\/SIP-EUROP-2015-1-300x200.jpg 300w, https:\/\/sip-europ.com\/wp-content\/uploads\/2024\/10\/SIP-EUROP-2015-1-18x12.jpg 18w, https:\/\/sip-europ.com\/wp-content\/uploads\/2024\/10\/SIP-EUROP-2015-1.jpg 600w\" sizes=\"(max-width: 300px) 100vw, 300px\" \/><\/div>\n\t\t<\/a>\n\t\t\t\t<div class=\"elementor-post__text\">\n\t\t\t\t<h3 class=\"elementor-post__title\">\n\t\t\t<a href=\"https:\/\/sip-europ.com\/en\/setas-protectoras-antiempalamiento-beneficios-y-seguridad\/\" >\n\t\t\t\tRebar caps  anti impalement: Benefits and Safety\t\t\t<\/a>\n\t\t<\/h3>\n\t\t\t\t<div class=\"elementor-post__meta-data\">\n\t\t\t\t\t<span class=\"elementor-post-date\">\n\t\t\tOctober 21, 2024\t\t<\/span>\n\t\t\t\t<span class=\"elementor-post-avatar\">\n\t\t\tNo Comments\t\t<\/span>\n\t\t\t\t<\/div>\n\t\t\t\t<div class=\"elementor-post__excerpt\">\n\t\t\t<p>The rebar cap is one of the elements that has gained importance in the protection of workers. These parts, specifically designed to be placed on<\/p>\n\t\t<\/div>\n\t\t\n\t\t<a class=\"elementor-post__read-more\" href=\"https:\/\/sip-europ.com\/en\/setas-protectoras-antiempalamiento-beneficios-y-seguridad\/\" aria-label=\"Read more about Setas protectoras antiempalamiento: Beneficios y Seguridad\" tabindex=\"-1\" >\n\t\t\tRead more \u00bb\t\t<\/a>\n\n\t\t\t\t<\/div>\n\t\t\t\t<\/article>\n\t\t\t\t<\/div>\n\t\t\n\t\t\t\t<\/div>\n\t\t\t\t<\/div>\n\t\t\t\t\t<\/div>\n\t\t\t\t<\/div>\n\t\t\t\t<\/div>","protected":false},"excerpt":{"rendered":"<p>Welcome<\/p>","protected":false},"author":1,"featured_media":0,"parent":0,"menu_order":0,"comment_status":"closed","ping_status":"closed","template":"","meta":{"site-sidebar-layout":"no-sidebar","site-content-layout":"page-builder","ast-site-content-layout":"full-width-container","site-content-style":"default","site-sidebar-style":"default","ast-global-header-display":"","ast-banner-title-visibility":"","ast-main-header-display":"","ast-hfb-above-header-display":"","ast-hfb-below-header-display":"","ast-hfb-mobile-header-display":"","site-post-title":"disabled","ast-breadcrumbs-content":"","ast-featured-img":"disabled","footer-sml-layout":"","theme-transparent-header-meta":"","adv-header-id-meta":"","stick-header-meta":"","header-above-stick-meta":"","header-main-stick-meta":"","header-below-stick-meta":"","astra-migrate-meta-layouts":"set","ast-page-background-enabled":"default","ast-page-background-meta":{"desktop":{"background-color":"","background-image":"","background-repeat":"repeat","background-position":"center center","background-size":"auto","background-attachment":"scroll","background-type":"","background-media":"","overlay-type":"","overlay-color":"","overlay-opacity":"","overlay-gradient":""},"tablet":{"background-color":"","background-image":"","background-repeat":"repeat","background-position":"center center","background-size":"auto","background-attachment":"scroll","background-type":"","background-media":"","overlay-type":"","overlay-color":"","overlay-opacity":"","overlay-gradient":""},"mobile":{"background-color":"","background-image":"","background-repeat":"repeat","background-position":"center center","background-size":"auto","background-attachment":"scroll","background-type":"","background-media":"","overlay-type":"","overlay-color":"","overlay-opacity":"","overlay-gradient":""}},"ast-content-background-meta":{"desktop":{"background-color":"var(--ast-global-color-5)","background-image":"","background-repeat":"repeat","background-position":"center center","background-size":"auto","background-attachment":"scroll","background-type":"","background-media":"","overlay-type":"","overlay-color":"","overlay-opacity":"","overlay-gradient":""},"tablet":{"background-color":"var(--ast-global-color-5)","background-image":"","background-repeat":"repeat","background-position":"center center","background-size":"auto","background-attachment":"scroll","background-type":"","background-media":"","overlay-type":"","overlay-color":"","overlay-opacity":"","overlay-gradient":""},"mobile":{"background-color":"var(--ast-global-color-5)","background-image":"","background-repeat":"repeat","background-position":"center center","background-size":"auto","background-attachment":"scroll","background-type":"","background-media":"","overlay-type":"","overlay-color":"","overlay-opacity":"","overlay-gradient":""}},"footnotes":""},"yoast_head":"<!-- This site is optimized with the Yoast SEO plugin v24.5 - https:\/\/yoast.com\/wordpress\/plugins\/seo\/ -->\n<title>Blog - Sip Europ<\/title>\n<meta name=\"robots\" content=\"index, follow, max-snippet:-1, max-image-preview:large, max-video-preview:-1\" \/>\n<link rel=\"canonical\" href=\"https:\/\/sip-europ.com\/en\/blog\/\" \/>\n<meta property=\"og:locale\" content=\"en_US\" \/>\n<meta property=\"og:type\" content=\"article\" \/>\n<meta property=\"og:title\" content=\"Blog - Sip Europ\" \/>\n<meta property=\"og:description\" content=\"Bienvenido\" \/>\n<meta property=\"og:url\" content=\"https:\/\/sip-europ.com\/en\/blog\/\" \/>\n<meta property=\"og:site_name\" content=\"Sip Europ\" \/>\n<meta property=\"article:modified_time\" content=\"2024-11-06T12:55:32+00:00\" \/>\n<meta property=\"og:image\" content=\"https:\/\/sip-europ.com\/wp-content\/uploads\/2024\/04\/sip-europ-logo.png\" \/>\n\t<meta property=\"og:image:width\" content=\"4680\" \/>\n\t<meta property=\"og:image:height\" content=\"1904\" \/>\n\t<meta property=\"og:image:type\" content=\"image\/png\" \/>\n<meta name=\"twitter:card\" content=\"summary_large_image\" \/>\n<meta name=\"twitter:label1\" content=\"Est. reading time\" \/>\n\t<meta name=\"twitter:data1\" content=\"1 minute\" \/>\n<script type=\"application\/ld+json\" class=\"yoast-schema-graph\">{\"@context\":\"https:\/\/schema.org\",\"@graph\":[{\"@type\":\"WebPage\",\"@id\":\"https:\/\/sip-europ.com\/blog\/\",\"url\":\"https:\/\/sip-europ.com\/blog\/\",\"name\":\"Blog - Sip Europ\",\"isPartOf\":{\"@id\":\"https:\/\/sip-europ.com\/#website\"},\"datePublished\":\"2024-10-24T09:15:47+00:00\",\"dateModified\":\"2024-11-06T12:55:32+00:00\",\"breadcrumb\":{\"@id\":\"https:\/\/sip-europ.com\/blog\/#breadcrumb\"},\"inLanguage\":\"en-US\",\"potentialAction\":[{\"@type\":\"ReadAction\",\"target\":[\"https:\/\/sip-europ.com\/blog\/\"]}]},{\"@type\":\"BreadcrumbList\",\"@id\":\"https:\/\/sip-europ.com\/blog\/#breadcrumb\",\"itemListElement\":[{\"@type\":\"ListItem\",\"position\":1,\"name\":\"Portada\",\"item\":\"https:\/\/sip-europ.com\/\"},{\"@type\":\"ListItem\",\"position\":2,\"name\":\"Blog\"}]},{\"@type\":\"WebSite\",\"@id\":\"https:\/\/sip-europ.com\/#website\",\"url\":\"https:\/\/sip-europ.com\/\",\"name\":\"Sip Europ - Setas protectoras antiempalamiento\",\"description\":\"Setas protectoras antiempalamiento y antirozadura para protecci\u00f3n del personal en obras e industria.\",\"publisher\":{\"@id\":\"https:\/\/sip-europ.com\/#organization\"},\"alternateName\":\"SipEurop\",\"potentialAction\":[{\"@type\":\"SearchAction\",\"target\":{\"@type\":\"EntryPoint\",\"urlTemplate\":\"https:\/\/sip-europ.com\/?s={search_term_string}\"},\"query-input\":{\"@type\":\"PropertyValueSpecification\",\"valueRequired\":true,\"valueName\":\"search_term_string\"}}],\"inLanguage\":\"en-US\"},{\"@type\":\"Organization\",\"@id\":\"https:\/\/sip-europ.com\/#organization\",\"name\":\"Sip Europ\",\"alternateName\":\"SipEurop\",\"url\":\"https:\/\/sip-europ.com\/\",\"logo\":{\"@type\":\"ImageObject\",\"inLanguage\":\"en-US\",\"@id\":\"https:\/\/sip-europ.com\/#\/schema\/logo\/image\/\",\"url\":\"https:\/\/sip-europ.com\/wp-content\/uploads\/2024\/04\/sip-europ-logo.png\",\"contentUrl\":\"https:\/\/sip-europ.com\/wp-content\/uploads\/2024\/04\/sip-europ-logo.png\",\"width\":4680,\"height\":1904,\"caption\":\"Sip Europ\"},\"image\":{\"@id\":\"https:\/\/sip-europ.com\/#\/schema\/logo\/image\/\"}}]}<\/script>\n<!-- \/ Yoast SEO plugin. -->","yoast_head_json":{"title":"Blog - Sip Europ","robots":{"index":"index","follow":"follow","max-snippet":"max-snippet:-1","max-image-preview":"max-image-preview:large","max-video-preview":"max-video-preview:-1"},"canonical":"https:\/\/sip-europ.com\/en\/blog\/","og_locale":"en_US","og_type":"article","og_title":"Blog - Sip Europ","og_description":"Bienvenido","og_url":"https:\/\/sip-europ.com\/en\/blog\/","og_site_name":"Sip Europ","article_modified_time":"2024-11-06T12:55:32+00:00","og_image":[{"width":4680,"height":1904,"url":"https:\/\/sip-europ.com\/wp-content\/uploads\/2024\/04\/sip-europ-logo.png","type":"image\/png"}],"twitter_card":"summary_large_image","twitter_misc":{"Est. reading time":"1 minute"},"schema":{"@context":"https:\/\/schema.org","@graph":[{"@type":"WebPage","@id":"https:\/\/sip-europ.com\/blog\/","url":"https:\/\/sip-europ.com\/blog\/","name":"Blog - Sip Europ","isPartOf":{"@id":"https:\/\/sip-europ.com\/#website"},"datePublished":"2024-10-24T09:15:47+00:00","dateModified":"2024-11-06T12:55:32+00:00","breadcrumb":{"@id":"https:\/\/sip-europ.com\/blog\/#breadcrumb"},"inLanguage":"en-US","potentialAction":[{"@type":"ReadAction","target":["https:\/\/sip-europ.com\/blog\/"]}]},{"@type":"BreadcrumbList","@id":"https:\/\/sip-europ.com\/blog\/#breadcrumb","itemListElement":[{"@type":"ListItem","position":1,"name":"Portada","item":"https:\/\/sip-europ.com\/"},{"@type":"ListItem","position":2,"name":"Blog"}]},{"@type":"WebSite","@id":"https:\/\/sip-europ.com\/#website","url":"https:\/\/sip-europ.com\/","name":"Sip Europ - Setas protectoras antiempalamiento","description":"Setas protectoras antiempalamiento y antirozadura para protecci\u00f3n del personal en obras e industria.","publisher":{"@id":"https:\/\/sip-europ.com\/#organization"},"alternateName":"SipEurop","potentialAction":[{"@type":"SearchAction","target":{"@type":"EntryPoint","urlTemplate":"https:\/\/sip-europ.com\/?s={search_term_string}"},"query-input":{"@type":"PropertyValueSpecification","valueRequired":true,"valueName":"search_term_string"}}],"inLanguage":"en-US"},{"@type":"Organization","@id":"https:\/\/sip-europ.com\/#organization","name":"Sip Europ","alternateName":"SipEurop","url":"https:\/\/sip-europ.com\/","logo":{"@type":"ImageObject","inLanguage":"en-US","@id":"https:\/\/sip-europ.com\/#\/schema\/logo\/image\/","url":"https:\/\/sip-europ.com\/wp-content\/uploads\/2024\/04\/sip-europ-logo.png","contentUrl":"https:\/\/sip-europ.com\/wp-content\/uploads\/2024\/04\/sip-europ-logo.png","width":4680,"height":1904,"caption":"Sip Europ"},"image":{"@id":"https:\/\/sip-europ.com\/#\/schema\/logo\/image\/"}}]}},"_links":{"self":[{"href":"https:\/\/sip-europ.com\/en\/wp-json\/wp\/v2\/pages\/4047"}],"collection":[{"href":"https:\/\/sip-europ.com\/en\/wp-json\/wp\/v2\/pages"}],"about":[{"href":"https:\/\/sip-europ.com\/en\/wp-json\/wp\/v2\/types\/page"}],"author":[{"embeddable":true,"href":"https:\/\/sip-europ.com\/en\/wp-json\/wp\/v2\/users\/1"}],"replies":[{"embeddable":true,"href":"https:\/\/sip-europ.com\/en\/wp-json\/wp\/v2\/comments?post=4047"}],"version-history":[{"count":22,"href":"https:\/\/sip-europ.com\/en\/wp-json\/wp\/v2\/pages\/4047\/revisions"}],"predecessor-version":[{"id":4078,"href":"https:\/\/sip-europ.com\/en\/wp-json\/wp\/v2\/pages\/4047\/revisions\/4078"}],"wp:attachment":[{"href":"https:\/\/sip-europ.com\/en\/wp-json\/wp\/v2\/media?parent=4047"}],"curies":[{"name":"wp","href":"https:\/\/api.w.org\/{rel}","templated":true}]}}