{"id":3124,"date":"2024-06-17T09:30:32","date_gmt":"2024-06-17T09:30:32","guid":{"rendered":"https:\/\/sip-europ.com\/?post_type=product&#038;p=3124"},"modified":"2024-06-20T09:55:06","modified_gmt":"2024-06-20T09:55:06","slug":"economic-proteccion-para-obras","status":"publish","type":"product","link":"https:\/\/sip-europ.com\/en\/product\/economic-proteccion-para-obras\/","title":{"rendered":"ECONOMIC Ref. 1000"},"content":{"rendered":"<ul>\n<li>Di\u00e1metros: 12 &#8211; 20 mm<\/li>\n<li>Per bag: 150 ud.<\/li>\n<li>Pallet: 112 bags (16,800 ud)<\/li>\n<\/ul>","protected":false},"excerpt":{"rendered":"<p>Seta para obras, protecci\u00f3n para cortes, modelo Economic (ref. 1.000). R\u00e1pida y f\u00e1cil de fijar, m\u00e1xima visibilidad. Reutilizable y reciclable. Posibilidad de a\u00f1adir tu logotipo en la parte de arriba.<\/p>","protected":false},"featured_media":3138,"comment_status":"closed","ping_status":"closed","template":"","meta":{"site-sidebar-layout":"default","site-content-layout":"","ast-site-content-layout":"default","site-content-style":"default","site-sidebar-style":"default","ast-global-header-display":"","ast-banner-title-visibility":"","ast-main-header-display":"","ast-hfb-above-header-display":"","ast-hfb-below-header-display":"","ast-hfb-mobile-header-display":"","site-post-title":"","ast-breadcrumbs-content":"","ast-featured-img":"","footer-sml-layout":"","theme-transparent-header-meta":"default","adv-header-id-meta":"","stick-header-meta":"default","header-above-stick-meta":"","header-main-stick-meta":"","header-below-stick-meta":"","astra-migrate-meta-layouts":"set","ast-page-background-enabled":"default","ast-page-background-meta":{"desktop":{"background-color":"","background-image":"","background-repeat":"repeat","background-position":"center center","background-size":"auto","background-attachment":"scroll","background-type":"","background-media":"","overlay-type":"","overlay-color":"","overlay-opacity":"","overlay-gradient":""},"tablet":{"background-color":"","background-image":"","background-repeat":"repeat","background-position":"center center","background-size":"auto","background-attachment":"scroll","background-type":"","background-media":"","overlay-type":"","overlay-color":"","overlay-opacity":"","overlay-gradient":""},"mobile":{"background-color":"","background-image":"","background-repeat":"repeat","background-position":"center center","background-size":"auto","background-attachment":"scroll","background-type":"","background-media":"","overlay-type":"","overlay-color":"","overlay-opacity":"","overlay-gradient":""}},"ast-content-background-meta":{"desktop":{"background-color":"var(--ast-global-color-5)","background-image":"","background-repeat":"repeat","background-position":"center center","background-size":"auto","background-attachment":"scroll","background-type":"","background-media":"","overlay-type":"","overlay-color":"","overlay-opacity":"","overlay-gradient":""},"tablet":{"background-color":"var(--ast-global-color-5)","background-image":"","background-repeat":"repeat","background-position":"center center","background-size":"auto","background-attachment":"scroll","background-type":"","background-media":"","overlay-type":"","overlay-color":"","overlay-opacity":"","overlay-gradient":""},"mobile":{"background-color":"var(--ast-global-color-5)","background-image":"","background-repeat":"repeat","background-position":"center center","background-size":"auto","background-attachment":"scroll","background-type":"","background-media":"","overlay-type":"","overlay-color":"","overlay-opacity":"","overlay-gradient":""}}},"product_cat":[43],"product_tag":[],"yoast_head":"<!-- This site is optimized with the Yoast SEO plugin v24.5 - https:\/\/yoast.com\/wordpress\/plugins\/seo\/ -->\n<title>ECONOMIC Ref. 1000 - Sip Europ<\/title>\n<meta name=\"robots\" content=\"index, follow, max-snippet:-1, max-image-preview:large, max-video-preview:-1\" \/>\n<link rel=\"canonical\" href=\"https:\/\/sip-europ.com\/en\/product\/economic-proteccion-para-obras\/\" \/>\n<meta property=\"og:locale\" content=\"en_US\" \/>\n<meta property=\"og:type\" content=\"article\" \/>\n<meta property=\"og:title\" content=\"ECONOMIC Ref. 1000 - Sip Europ\" \/>\n<meta property=\"og:description\" content=\"Seta para obras, protecci\u00f3n para cortes, modelo Economic (ref. 1.000). R\u00e1pida y f\u00e1cil de fijar, m\u00e1xima visibilidad. Reutilizable y reciclable. Posibilidad de a\u00f1adir tu logotipo en la parte de arriba.\" \/>\n<meta property=\"og:url\" content=\"https:\/\/sip-europ.com\/en\/product\/economic-proteccion-para-obras\/\" \/>\n<meta property=\"og:site_name\" content=\"Sip Europ\" \/>\n<meta property=\"article:modified_time\" content=\"2024-06-20T09:55:06+00:00\" \/>\n<meta property=\"og:image\" content=\"https:\/\/sip-europ.com\/wp-content\/uploads\/2024\/06\/economic-1000-rojo.png\" \/>\n\t<meta property=\"og:image:width\" content=\"650\" \/>\n\t<meta property=\"og:image:height\" content=\"650\" \/>\n\t<meta property=\"og:image:type\" content=\"image\/png\" \/>\n<meta name=\"twitter:card\" content=\"summary_large_image\" \/>\n<script type=\"application\/ld+json\" class=\"yoast-schema-graph\">{\"@context\":\"https:\/\/schema.org\",\"@graph\":[{\"@type\":\"WebPage\",\"@id\":\"https:\/\/sip-europ.com\/producto\/economic-proteccion-para-obras\/\",\"url\":\"https:\/\/sip-europ.com\/producto\/economic-proteccion-para-obras\/\",\"name\":\"ECONOMIC Ref. 1000 - Sip Europ\",\"isPartOf\":{\"@id\":\"https:\/\/sip-europ.com\/#website\"},\"primaryImageOfPage\":{\"@id\":\"https:\/\/sip-europ.com\/producto\/economic-proteccion-para-obras\/#primaryimage\"},\"image\":{\"@id\":\"https:\/\/sip-europ.com\/producto\/economic-proteccion-para-obras\/#primaryimage\"},\"thumbnailUrl\":\"https:\/\/sip-europ.com\/wp-content\/uploads\/2024\/06\/economic-1000-rojo.png\",\"datePublished\":\"2024-06-17T09:30:32+00:00\",\"dateModified\":\"2024-06-20T09:55:06+00:00\",\"breadcrumb\":{\"@id\":\"https:\/\/sip-europ.com\/producto\/economic-proteccion-para-obras\/#breadcrumb\"},\"inLanguage\":\"en-US\",\"potentialAction\":[{\"@type\":\"ReadAction\",\"target\":[\"https:\/\/sip-europ.com\/producto\/economic-proteccion-para-obras\/\"]}]},{\"@type\":\"ImageObject\",\"inLanguage\":\"en-US\",\"@id\":\"https:\/\/sip-europ.com\/producto\/economic-proteccion-para-obras\/#primaryimage\",\"url\":\"https:\/\/sip-europ.com\/wp-content\/uploads\/2024\/06\/economic-1000-rojo.png\",\"contentUrl\":\"https:\/\/sip-europ.com\/wp-content\/uploads\/2024\/06\/economic-1000-rojo.png\",\"width\":650,\"height\":650,\"caption\":\"economic 1000\"},{\"@type\":\"BreadcrumbList\",\"@id\":\"https:\/\/sip-europ.com\/producto\/economic-proteccion-para-obras\/#breadcrumb\",\"itemListElement\":[{\"@type\":\"ListItem\",\"position\":1,\"name\":\"Portada\",\"item\":\"https:\/\/sip-europ.com\/\"},{\"@type\":\"ListItem\",\"position\":2,\"name\":\"Tienda\",\"item\":\"https:\/\/sip-europ.com\/?page_id=2786\"},{\"@type\":\"ListItem\",\"position\":3,\"name\":\"ECONOMIC Ref. 1000\"}]},{\"@type\":\"WebSite\",\"@id\":\"https:\/\/sip-europ.com\/#website\",\"url\":\"https:\/\/sip-europ.com\/\",\"name\":\"Sip Europ - Setas protectoras antiempalamiento\",\"description\":\"Setas protectoras antiempalamiento y antirozadura para protecci\u00f3n del personal en obras e industria.\",\"publisher\":{\"@id\":\"https:\/\/sip-europ.com\/#organization\"},\"alternateName\":\"SipEurop\",\"potentialAction\":[{\"@type\":\"SearchAction\",\"target\":{\"@type\":\"EntryPoint\",\"urlTemplate\":\"https:\/\/sip-europ.com\/?s={search_term_string}\"},\"query-input\":{\"@type\":\"PropertyValueSpecification\",\"valueRequired\":true,\"valueName\":\"search_term_string\"}}],\"inLanguage\":\"en-US\"},{\"@type\":\"Organization\",\"@id\":\"https:\/\/sip-europ.com\/#organization\",\"name\":\"Sip Europ\",\"alternateName\":\"SipEurop\",\"url\":\"https:\/\/sip-europ.com\/\",\"logo\":{\"@type\":\"ImageObject\",\"inLanguage\":\"en-US\",\"@id\":\"https:\/\/sip-europ.com\/#\/schema\/logo\/image\/\",\"url\":\"https:\/\/sip-europ.com\/wp-content\/uploads\/2024\/04\/sip-europ-logo.png\",\"contentUrl\":\"https:\/\/sip-europ.com\/wp-content\/uploads\/2024\/04\/sip-europ-logo.png\",\"width\":4680,\"height\":1904,\"caption\":\"Sip Europ\"},\"image\":{\"@id\":\"https:\/\/sip-europ.com\/#\/schema\/logo\/image\/\"}}]}<\/script>\n<!-- \/ Yoast SEO plugin. -->","yoast_head_json":{"title":"ECONOMIC Ref. 1000 - Sip Europ","robots":{"index":"index","follow":"follow","max-snippet":"max-snippet:-1","max-image-preview":"max-image-preview:large","max-video-preview":"max-video-preview:-1"},"canonical":"https:\/\/sip-europ.com\/en\/product\/economic-proteccion-para-obras\/","og_locale":"en_US","og_type":"article","og_title":"ECONOMIC Ref. 1000 - Sip Europ","og_description":"Seta para obras, protecci\u00f3n para cortes, modelo Economic (ref. 1.000). R\u00e1pida y f\u00e1cil de fijar, m\u00e1xima visibilidad. Reutilizable y reciclable. Posibilidad de a\u00f1adir tu logotipo en la parte de arriba.","og_url":"https:\/\/sip-europ.com\/en\/product\/economic-proteccion-para-obras\/","og_site_name":"Sip Europ","article_modified_time":"2024-06-20T09:55:06+00:00","og_image":[{"width":650,"height":650,"url":"https:\/\/sip-europ.com\/wp-content\/uploads\/2024\/06\/economic-1000-rojo.png","type":"image\/png"}],"twitter_card":"summary_large_image","schema":{"@context":"https:\/\/schema.org","@graph":[{"@type":"WebPage","@id":"https:\/\/sip-europ.com\/producto\/economic-proteccion-para-obras\/","url":"https:\/\/sip-europ.com\/producto\/economic-proteccion-para-obras\/","name":"ECONOMIC Ref. 1000 - Sip Europ","isPartOf":{"@id":"https:\/\/sip-europ.com\/#website"},"primaryImageOfPage":{"@id":"https:\/\/sip-europ.com\/producto\/economic-proteccion-para-obras\/#primaryimage"},"image":{"@id":"https:\/\/sip-europ.com\/producto\/economic-proteccion-para-obras\/#primaryimage"},"thumbnailUrl":"https:\/\/sip-europ.com\/wp-content\/uploads\/2024\/06\/economic-1000-rojo.png","datePublished":"2024-06-17T09:30:32+00:00","dateModified":"2024-06-20T09:55:06+00:00","breadcrumb":{"@id":"https:\/\/sip-europ.com\/producto\/economic-proteccion-para-obras\/#breadcrumb"},"inLanguage":"en-US","potentialAction":[{"@type":"ReadAction","target":["https:\/\/sip-europ.com\/producto\/economic-proteccion-para-obras\/"]}]},{"@type":"ImageObject","inLanguage":"en-US","@id":"https:\/\/sip-europ.com\/producto\/economic-proteccion-para-obras\/#primaryimage","url":"https:\/\/sip-europ.com\/wp-content\/uploads\/2024\/06\/economic-1000-rojo.png","contentUrl":"https:\/\/sip-europ.com\/wp-content\/uploads\/2024\/06\/economic-1000-rojo.png","width":650,"height":650,"caption":"economic 1000"},{"@type":"BreadcrumbList","@id":"https:\/\/sip-europ.com\/producto\/economic-proteccion-para-obras\/#breadcrumb","itemListElement":[{"@type":"ListItem","position":1,"name":"Portada","item":"https:\/\/sip-europ.com\/"},{"@type":"ListItem","position":2,"name":"Tienda","item":"https:\/\/sip-europ.com\/?page_id=2786"},{"@type":"ListItem","position":3,"name":"ECONOMIC Ref. 1000"}]},{"@type":"WebSite","@id":"https:\/\/sip-europ.com\/#website","url":"https:\/\/sip-europ.com\/","name":"Sip Europ - Setas protectoras antiempalamiento","description":"Setas protectoras antiempalamiento y antirozadura para protecci\u00f3n del personal en obras e industria.","publisher":{"@id":"https:\/\/sip-europ.com\/#organization"},"alternateName":"SipEurop","potentialAction":[{"@type":"SearchAction","target":{"@type":"EntryPoint","urlTemplate":"https:\/\/sip-europ.com\/?s={search_term_string}"},"query-input":{"@type":"PropertyValueSpecification","valueRequired":true,"valueName":"search_term_string"}}],"inLanguage":"en-US"},{"@type":"Organization","@id":"https:\/\/sip-europ.com\/#organization","name":"Sip Europ","alternateName":"SipEurop","url":"https:\/\/sip-europ.com\/","logo":{"@type":"ImageObject","inLanguage":"en-US","@id":"https:\/\/sip-europ.com\/#\/schema\/logo\/image\/","url":"https:\/\/sip-europ.com\/wp-content\/uploads\/2024\/04\/sip-europ-logo.png","contentUrl":"https:\/\/sip-europ.com\/wp-content\/uploads\/2024\/04\/sip-europ-logo.png","width":4680,"height":1904,"caption":"Sip Europ"},"image":{"@id":"https:\/\/sip-europ.com\/#\/schema\/logo\/image\/"}}]}},"_links":{"self":[{"href":"https:\/\/sip-europ.com\/en\/wp-json\/wp\/v2\/product\/3124"}],"collection":[{"href":"https:\/\/sip-europ.com\/en\/wp-json\/wp\/v2\/product"}],"about":[{"href":"https:\/\/sip-europ.com\/en\/wp-json\/wp\/v2\/types\/product"}],"replies":[{"embeddable":true,"href":"https:\/\/sip-europ.com\/en\/wp-json\/wp\/v2\/comments?post=3124"}],"wp:featuredmedia":[{"embeddable":true,"href":"https:\/\/sip-europ.com\/en\/wp-json\/wp\/v2\/media\/3138"}],"wp:attachment":[{"href":"https:\/\/sip-europ.com\/en\/wp-json\/wp\/v2\/media?parent=3124"}],"wp:term":[{"taxonomy":"product_cat","embeddable":true,"href":"https:\/\/sip-europ.com\/en\/wp-json\/wp\/v2\/product_cat?post=3124"},{"taxonomy":"product_tag","embeddable":true,"href":"https:\/\/sip-europ.com\/en\/wp-json\/wp\/v2\/product_tag?post=3124"}],"curies":[{"name":"wp","href":"https:\/\/api.w.org\/{rel}","templated":true}]}}